{"id":274453,"date":"2024-12-04T11:29:02","date_gmt":"2024-12-04T10:29:02","guid":{"rendered":"https:\/\/familydental.se\/?page_id=274453"},"modified":"2024-12-04T12:55:17","modified_gmt":"2024-12-04T11:55:17","slug":"cookie-policy","status":"publish","type":"page","link":"https:\/\/familydental.se\/en\/cookiepolicy\/","title":{"rendered":"Cookie policy"},"content":{"rendered":"\n[et_pb_section fb_built=&#8221;1&#8243; theme_builder_area=&#8221;post_content&#8221; _builder_version=&#8221;4.27.4&#8243; _module_preset=&#8221;default&#8221;][et_pb_row _builder_version=&#8221;4.27.4&#8243; _module_preset=&#8221;default&#8221; theme_builder_area=&#8221;post_content&#8221;][et_pb_column _builder_version=&#8221;4.27.4&#8243; _module_preset=&#8221;default&#8221; type=&#8221;4_4&#8243; theme_builder_area=&#8221;post_content&#8221;][et_pb_text _builder_version=&#8221;4.27.4&#8243; _module_preset=&#8221;default&#8221; theme_builder_area=&#8221;post_content&#8221; hover_enabled=&#8221;0&#8243; sticky_enabled=&#8221;0&#8243;]<h1>Cookiepolicy<\/h1>\n<strong>Effektivt datum:<\/strong> 4 december 2024\n<strong>Senast uppdaterad:<\/strong> 4 december 2024\n\n<h2>Vad \u00e4r cookies?<\/h2>\nDenna cookiepolicy f\u00f6rklarar vad cookies \u00e4r och hur vi anv\u00e4nder dem, vilka typer av cookies vi anv\u00e4nder, det vill s\u00e4ga informationen vi samlar in med hj\u00e4lp av cookies och hur den informationen anv\u00e4nds, samt hur du hanterar cookieinst\u00e4llningarna.\n\nCookies \u00e4r sm\u00e5 textfiler som anv\u00e4nds f\u00f6r att lagra sm\u00e5 bitar information. De lagras p\u00e5 din enhet n\u00e4r webbplatsen laddas i din webbl\u00e4sare. Dessa cookies hj\u00e4lper oss att f\u00e5 webbplatsen att fungera korrekt, g\u00f6ra den mer s\u00e4ker, ge en b\u00e4ttre anv\u00e4ndarupplevelse och f\u00f6rst\u00e5 hur webbplatsen presterar och analysera vad som fungerar och var det beh\u00f6vs f\u00f6rb\u00e4ttringar.\n\n<h2>Hur anv\u00e4nder vi cookies?<\/h2>\nPrecis som de flesta online-tj\u00e4nster anv\u00e4nder v\u00e5r webbplats f\u00f6rst- och tredjepartscookies f\u00f6r flera \u00e4ndam\u00e5l. F\u00f6rstapartscookies \u00e4r mestadels n\u00f6dv\u00e4ndiga f\u00f6r att webbplatsen ska fungera p\u00e5 r\u00e4tt s\u00e4tt, och de samlar inte in n\u00e5gon av dina personligt identifierbara data.\n\nDe tredjepartscookies som anv\u00e4nds p\u00e5 v\u00e5r webbplats \u00e4r huvudsakligen f\u00f6r att f\u00f6rst\u00e5 hur webbplatsen presterar, hur du interagerar med v\u00e5r webbplats, h\u00e5lla v\u00e5ra tj\u00e4nster s\u00e4kra, tillhandah\u00e5lla annonser som \u00e4r relevanta f\u00f6r dig och sammanfattningsvis ge dig en b\u00e4ttre och f\u00f6rb\u00e4ttrad anv\u00e4ndarupplevelse och hj\u00e4lpa till att p\u00e5skynda dina framtida interaktioner med v\u00e5r webbplats.\n\n<h2>Typer av cookies vi anv\u00e4nder<\/h2>\n\n<div class=\"cky-audit-table-element\"><\/div>\n\n<a class=\"cky-banner-element\">Cookie-inst\u00e4llningar<\/a>\n\nDu kan \u00e4ndra dina cookieinst\u00e4llningar n\u00e4r som helst genom att klicka p\u00e5 ovanst\u00e5ende knapp. Detta l\u00e5ter dig \u00e5terbes\u00f6ka cookie-samtyckesbanneret och \u00e4ndra dina preferenser eller dra tillbaka ditt samtycke direkt.\n\nF\u00f6rutom detta tillhandah\u00e5ller olika webbl\u00e4sare olika metoder f\u00f6r att blockera och ta bort cookies som anv\u00e4nds av webbplatser. Du kan \u00e4ndra inst\u00e4llningarna f\u00f6r din webbl\u00e4sare f\u00f6r att blockera\/ta bort cookies. Nedan finns l\u00e4nkar till supportdokument om hur man hanterar och tar bort cookies fr\u00e5n de st\u00f6rsta webbl\u00e4sarna.\n\n<a href=\"https:\/\/support.google.com\/accounts\/answer\/32050\" title=\"Chrome\">Chrome<\/a>\n<a href=\"https:\/\/support.apple.com\/en-in\/guide\/safari\/sfri11471\/mac\" title=\"Safari\">Safari<\/a>\n<a href=\"https:\/\/support.mozilla.org\/en-US\/kb\/clear-cookies-and-site-data-firefox?redirectslug=delete-cookies-remove-info-websites-stored&amp;redirectlocale=en-US\" title=\"Firefox\">Firefox<\/a>\n<a href=\"https:\/\/support.microsoft.com\/en-us\/topic\/how-to-delete-cookie-files-in-internet-explorer-bca9446f-d873-78de-77ba-d42645fa52fc\" title=\"Internet Explorer\">Internet Explorer<\/a>\n\nOm du anv\u00e4nder n\u00e5gon annan webbl\u00e4sare, bes\u00f6k din webbl\u00e4sares officiella supportdokument.\n\nCookie Policy genererad av <a href=\"https:\/\/www.cookieyes.com\/\" target=\"_blank\" rel=\"nofollow noopener\" title=\"CookieYes\">CookieYes<\/a>[\/et_pb_text][\/et_pb_column][\/et_pb_row][\/et_pb_section]\n","protected":false},"excerpt":{"rendered":"<p>Cookiepolicy Effektivt datum: 4 december 2024 Senast uppdaterad: 4 december 2024 Vad \u00e4r cookies? Denna cookiepolicy f\u00f6rklarar vad cookies \u00e4r och hur vi anv\u00e4nder dem, vilka typer av cookies vi anv\u00e4nder, det vill s\u00e4ga informationen vi samlar in med hj\u00e4lp av cookies och hur den informationen anv\u00e4nds, samt hur du hanterar cookieinst\u00e4llningarna. Cookies \u00e4r sm\u00e5 textfiler som anv\u00e4nds f\u00f6r att lagra sm\u00e5 bitar information. De lagras p\u00e5 din enhet n\u00e4r webbplatsen laddas i din webbl\u00e4sare. Dessa cookies hj\u00e4lper oss att f\u00e5 webbplatsen att fungera korrekt, g\u00f6ra den mer s\u00e4ker, ge en b\u00e4ttre anv\u00e4ndarupplevelse och f\u00f6rst\u00e5 hur webbplatsen presterar och analysera vad som fungerar och var det beh\u00f6vs f\u00f6rb\u00e4ttringar. Hur anv\u00e4nder vi cookies? Precis som de flesta online-tj\u00e4nster anv\u00e4nder v\u00e5r webbplats f\u00f6rst- och tredjepartscookies f\u00f6r flera \u00e4ndam\u00e5l. F\u00f6rstapartscookies \u00e4r mestadels n\u00f6dv\u00e4ndiga f\u00f6r att webbplatsen ska fungera p\u00e5 r\u00e4tt s\u00e4tt, och de samlar inte in n\u00e5gon av dina personligt identifierbara data. De tredjepartscookies som anv\u00e4nds p\u00e5 v\u00e5r webbplats \u00e4r huvudsakligen f\u00f6r att f\u00f6rst\u00e5 hur webbplatsen presterar, hur du interagerar med v\u00e5r webbplats, h\u00e5lla v\u00e5ra tj\u00e4nster s\u00e4kra, tillhandah\u00e5lla annonser som \u00e4r relevanta f\u00f6r dig och sammanfattningsvis ge dig en b\u00e4ttre och f\u00f6rb\u00e4ttrad anv\u00e4ndarupplevelse och hj\u00e4lpa till att p\u00e5skynda dina framtida interaktioner med v\u00e5r [&hellip;]<\/p>\n","protected":false},"author":5,"featured_media":0,"parent":0,"menu_order":0,"comment_status":"closed","ping_status":"closed","template":"","meta":{"_et_pb_use_builder":"on","_et_pb_old_content":"","_et_gb_content_width":"","inline_featured_image":false,"footnotes":""},"class_list":["post-274453","page","type-page","status-publish","hentry"],"_links":{"self":[{"href":"https:\/\/familydental.se\/en\/wp-json\/wp\/v2\/pages\/274453","targetHints":{"allow":["GET"]}}],"collection":[{"href":"https:\/\/familydental.se\/en\/wp-json\/wp\/v2\/pages"}],"about":[{"href":"https:\/\/familydental.se\/en\/wp-json\/wp\/v2\/types\/page"}],"author":[{"embeddable":true,"href":"https:\/\/familydental.se\/en\/wp-json\/wp\/v2\/users\/5"}],"replies":[{"embeddable":true,"href":"https:\/\/familydental.se\/en\/wp-json\/wp\/v2\/comments?post=274453"}],"version-history":[{"count":0,"href":"https:\/\/familydental.se\/en\/wp-json\/wp\/v2\/pages\/274453\/revisions"}],"wp:attachment":[{"href":"https:\/\/familydental.se\/en\/wp-json\/wp\/v2\/media?parent=274453"}],"curies":[{"name":"wp","href":"https:\/\/api.w.org\/{rel}","templated":true}]}}