{"id":271111,"date":"2023-09-26T11:25:00","date_gmt":"2023-09-26T09:25:00","guid":{"rendered":"https:\/\/familydental.se\/?page_id=271111"},"modified":"2025-06-04T10:59:54","modified_gmt":"2025-06-04T08:59:54","slug":"late-replies","status":"publish","type":"page","link":"https:\/\/familydental.se\/en\/efterbesvar\/","title":{"rendered":"After-effects"},"content":{"rendered":"<p>[et_pb_section fb_built=&#8221;1&#8243; padding_top_bottom_link_2=&#8221;false&#8221; padding_left_right_link_2=&#8221;false&#8221; module_class=&#8221;arman-opm&#8221; _builder_version=&#8221;4.27.4&#8243; _module_preset=&#8221;default&#8221; background_color=&#8221;#F7F7F7&#8243; background_image=&#8221;https:\/\/familydental.se\/wp-content\/uploads\/2023\/03\/family-bg-vit-1.jpg&#8221; background_size=&#8221;custom&#8221; background_position=&#8221;bottom_center&#8221; background_vertical_offset=&#8221;-34%&#8221; background_blend=&#8221;multiply&#8221; z_index=&#8221;60&#8243; max_height_tablet=&#8221;500px&#8221; max_height_phone=&#8221;603px&#8221; max_height_last_edited=&#8221;on|phone&#8221; custom_margin=&#8221;||||false|false&#8221; custom_padding=&#8221;||||false|false&#8221; top_divider_color=&#8221;#0746b5&#8243; top_divider_height=&#8221;35px&#8221; top_divider_flip=&#8221;horizontal|vertical&#8221; bottom_divider_color=&#8221;#1e3a96&#8243; bottom_divider_height=&#8221;35px&#8221; locked=&#8221;off&#8221; global_colors_info=&#8221;{%22gcid-95b66844-0252-4e7a-a3c6-3fa6293c75c9%22:%91%22background_color_gradient_stops%22%93,%22gcid-1cb445ac-eff0-4c88-9dac-c43ad86565ed%22:%91%22background_color_gradient_stops%22%93,%22gcid-7983a427-d7f2-4055-b900-81b3e6cd54fc%22:%91%22background_color_gradient_stops%22%93,%22gcid-d1cd8bbf-7e6e-4d81-9371-233963640aa0%22:%91%22background_color_gradient_stops%22%93}&#8221;][et_pb_row column_structure=&#8221;1_2,1_2&#8243; make_equal=&#8221;on&#8221; _builder_version=&#8221;4.27.3&#8243; _module_preset=&#8221;default&#8221; custom_margin=&#8221;0px||0px||false|false&#8221; custom_padding=&#8221;0px||0px||false|false&#8221; global_colors_info=&#8221;{}&#8221;][et_pb_column type=&#8221;1_2&#8243; _builder_version=&#8221;4.27.3&#8243; _module_preset=&#8221;default&#8221; custom_padding=&#8221;20px||20px||false|false&#8221; custom_css_main_element=&#8221;align-self: flex-end;&#8221; global_colors_info=&#8221;{}&#8221;][et_pb_text _builder_version=&#8221;4.27.4&#8243; _module_preset=&#8221;default&#8221; text_text_color=&#8221;#000000&#8243; header_text_color=&#8221;#0C71C3&#8243; header_font_size=&#8221;60px&#8221; header_2_font=&#8221;|||on|||||&#8221; header_2_text_color=&#8221;#000000&#8243; header_2_font_size=&#8221;50px&#8221; header_2_line_height=&#8221;1.2em&#8221; header_font_size_tablet=&#8221;&#8221; header_font_size_phone=&#8221;28px&#8221; header_font_size_last_edited=&#8221;on|desktop&#8221; header_2_font_size_tablet=&#8221;50px&#8221; header_2_font_size_phone=&#8221;28px&#8221; header_2_font_size_last_edited=&#8221;on|phone&#8221; custom_css_free_form=&#8221;selector h2 span{||  color: #00a2e5;||  text-decoration: underline;||  text-decoration-color: #ffffff;||  font-size: 65px;||}||@media all and (max-width: 767px) {||selector h2 span {||font-size: 30px;||}||}||selector ul {||  list-style: none; ||  padding-left: 0;||  font-weight: bold;||}||||selector ul li {||  position: relative; ||  padding-left: 25px; ||}||||selector ul li::before {||\tfont-family: &#8217;ETMODULES&#8217;;||  content: &#8217;%92e052&#8217;;||  position: absolute;||  left: 0;||  color: #22cb29; ||  font-weight: bold;||  font-size: 18px; ||}&#8221; locked=&#8221;off&#8221; global_colors_info=&#8221;{}&#8221;]<\/p>\n<h1>V\u00e5rd &amp; R\u00e5d Efter behandling<\/h1>\n<p>N\u00e4r du genomg\u00e5tt en professionell tandl\u00e4karbehandling hos Family Dental Care kan ibland en del efterbesv\u00e4r dyka upp.<br \/>\nNedan kan du l\u00e4sa lite mer om vad du kan f\u00f6rv\u00e4nta dig efter en behandling och hur du kan f\u00e5 hj\u00e4lp.[\/et_pb_text][\/et_pb_column][et_pb_column type=&#8221;1_2&#8243; _builder_version=&#8221;4.20.1&#8243; _module_preset=&#8221;default&#8221; custom_padding=&#8221;20px||20px||false|false&#8221; global_colors_info=&#8221;{}&#8221;][\/et_pb_column][\/et_pb_row][et_pb_row column_structure=&#8221;2_3,1_3&#8243; _builder_version=&#8221;4.27.3&#8243; _module_preset=&#8221;default&#8221; global_colors_info=&#8221;{}&#8221;][et_pb_column type=&#8221;2_3&#8243; module_class=&#8221;opm-botton&#8221; _builder_version=&#8221;4.27.3&#8243; _module_preset=&#8221;default&#8221; custom_css_free_form=&#8221;.opm-botton {||display: flex;||flex-wrap: wrap;||gap: 15px;||}&#8221; global_colors_info=&#8221;{}&#8221;][et_pb_button button_url=&#8221;@ET-DC@eyJkeW5hbWljIjp0cnVlLCJjb250ZW50IjoicG9zdF9saW5rX3VybF9wYWdlIiwic2V0dGluZ3MiOnsicG9zdF9pZCI6IjE3MCJ9fQ==@&#8221; button_text=&#8221;Kontakta oss&#8221; _builder_version=&#8221;4.27.4&#8243; _dynamic_attributes=&#8221;button_url&#8221; _module_preset=&#8221;default&#8221; custom_button=&#8221;on&#8221; button_text_size=&#8221;16px&#8221; button_text_color=&#8221;#0C71C3&#8243; button_bg_color=&#8221;RGBA(255,255,255,0)&#8221; button_border_width=&#8221;2px&#8221; button_border_radius=&#8221;50px&#8221; button_font=&#8221;|&#8211;et_global_body_font_weight|||||||&#8221; button_icon=&#8221;&#xf245;||fa||900&#8243; button_icon_placement=&#8221;left&#8221; button_on_hover=&#8221;off&#8221; custom_margin=&#8221;||0px||false|false&#8221; custom_padding=&#8221;|20px||40px|false|false&#8221; custom_css_main_element=&#8221;min-width: 45%;&#8221; global_colors_info=&#8221;{}&#8221; button_bg_color__hover_enabled=&#8221;on|desktop&#8221; button_bg_color__hover=&#8221;#0C71C3&#8243; button_bg_enable_color__hover=&#8221;on&#8221; button_text_color__hover_enabled=&#8221;on|hover&#8221; button_text_color__hover=&#8221;#FFFFFF&#8221;][\/et_pb_button][et_pb_button button_url=&#8221;tel:08305035&#8243; button_text=&#8221;Ring oss&#8221; _builder_version=&#8221;4.27.4&#8243; _module_preset=&#8221;default&#8221; custom_button=&#8221;on&#8221; button_text_size=&#8221;16px&#8221; button_text_color=&#8221;#0C71C3&#8243; button_bg_color=&#8221;RGBA(255,255,255,0)&#8221; button_border_width=&#8221;2px&#8221; button_border_radius=&#8221;50px&#8221; button_font=&#8221;|&#8211;et_global_body_font_weight|||||||&#8221; button_icon=&#8221;&#xe090;||divi||400&#8243; button_icon_placement=&#8221;left&#8221; button_on_hover=&#8221;off&#8221; custom_margin=&#8221;||0px||false|false&#8221; custom_padding=&#8221;|20px||40px|false|false&#8221; hover_enabled=&#8221;0&#8243; custom_css_main_element=&#8221;min-width: 45%;&#8221; global_colors_info=&#8221;{}&#8221; button_bg_color__hover=&#8221;#0C71C3&#8243; button_bg_color__hover_enabled=&#8221;on|desktop&#8221; button_text_color__hover=&#8221;#FFFFFF&#8221; button_text_color__hover_enabled=&#8221;on|hover&#8221; sticky_enabled=&#8221;0&#8243;][\/et_pb_button][\/et_pb_column][et_pb_column type=&#8221;1_3&#8243; _builder_version=&#8221;4.27.3&#8243; _module_preset=&#8221;default&#8221; global_colors_info=&#8221;{}&#8221;][\/et_pb_column][\/et_pb_row][\/et_pb_section][et_pb_section fb_built=&#8221;1&#8243; _builder_version=&#8221;4.27.4&#8243; _module_preset=&#8221;default&#8221; background_color=&#8221;#FFFFFF&#8221; background_color_gradient_direction=&#8221;155deg&#8221; background_enable_image=&#8221;off&#8221; custom_margin=&#8221;||||false|false&#8221; custom_padding=&#8221;||||false|false&#8221; top_divider_height=&#8221;50px&#8221; locked=&#8221;off&#8221; global_colors_info=&#8221;{}&#8221;][et_pb_row _builder_version=&#8221;4.27.4&#8243; _module_preset=&#8221;default&#8221; custom_margin=&#8221;||||false|false&#8221; custom_padding=&#8221;||||false|false&#8221; global_colors_info=&#8221;{}&#8221;][et_pb_column type=&#8221;4_4&#8243; _builder_version=&#8221;4.16&#8243; _module_preset=&#8221;default&#8221; global_colors_info=&#8221;{}&#8221;][et_pb_text _builder_version=&#8221;4.27.4&#8243; _module_preset=&#8221;default&#8221; header_2_font=&#8221;|800|||||||&#8221; header_2_font_size=&#8221;30px&#8221; header_3_text_color=&#8221;#00A2E5&#8243; locked=&#8221;off&#8221; global_colors_info=&#8221;{}&#8221;]<\/p>\n<h2>Postoperation information efter rotfyllning<\/h2>\n<p>Att g\u00f6ra en rotfyllning inneb\u00e4r att man tar bort tandens nerv, g\u00f6r rent i rotkanalerna f\u00f6r att sedan fylla igen tanden s\u00e5 att bakterier inte kan leva i den.<\/p>\n<p>Vanliga efterbesv\u00e4r efter en s\u00e5dan behandling \u00e4r <b>\u00f6mhet<\/b> vid p\u00e5bitning, <b>spontan v\u00e4rk<\/b> och <b>svullnad i tandk\u00f6ttet<\/b> kring tanden. En rotfyllning \u00e4r en tidskr\u00e4vande behandling d\u00e4r du beh\u00f6ver gapa l\u00e4nge. Man kan d\u00e4rf\u00f6r \u00e4ven ha ont i k\u00e4ken efter en behandling. Dessa efterbesv\u00e4r g\u00e5r oftast \u00f6ver av sig sj\u00e4lv inom 2 veckor och kan d\u00e4mpas med hj\u00e4lp av receptfria sm\u00e4rtstillande l\u00e4kemedel.<\/p>\n<p>Om sm\u00e4rtan inte avtar <b>efter<\/b> 2 veckor ringer du oss f\u00f6r vidare utredning. Mer s\u00e4llsynta efterbesv\u00e4r kan i vissa fall f\u00f6rekomma.<\/p>\n<p>[\/et_pb_text][\/et_pb_column][\/et_pb_row][et_pb_row _builder_version=&#8221;4.27.4&#8243; _module_preset=&#8221;default&#8221; custom_margin=&#8221;||||false|false&#8221; custom_padding=&#8221;||||false|false&#8221; global_colors_info=&#8221;{}&#8221;][et_pb_column type=&#8221;4_4&#8243; _builder_version=&#8221;4.16&#8243; _module_preset=&#8221;default&#8221; global_colors_info=&#8221;{}&#8221;][et_pb_text _builder_version=&#8221;4.27.4&#8243; _module_preset=&#8221;default&#8221; header_2_font=&#8221;|800|||||||&#8221; header_2_font_size=&#8221;30px&#8221; header_3_text_color=&#8221;#00A2E5&#8243; locked=&#8221;off&#8221; global_colors_info=&#8221;{}&#8221;]<\/p>\n<h2>Postoperativ information efter protetisk behandling<\/h2>\n<h3>(kronterapi\/ broterapi)<\/h3>\n<p>N\u00e4r du har genomg\u00e5tt en protetisk behandling har tandl\u00e4karen slipat p\u00e5 din tand f\u00f6r att sedan cementera fast en porslinskrona eller bro.<\/p>\n<p>Vanliga besv\u00e4r efter en s\u00e5dan behandling \u00e4r <b>ilningar och v\u00e4rk i tanden\/ t\u00e4nderna<\/b> vid intag av varm och kall f\u00f6da\/ dryck.<\/p>\n<p>Om ilningarna\/v\u00e4rken str\u00e5lar fr\u00e5n <b>tand mot \u00f6rat och huvudet<\/b> och du m\u00e5ste ta v\u00e4rktabletter mot sm\u00e4rtan, kan tanden nerv vara inflammerad och tanden m\u00e5ste d\u00e5 rotfyllas. Detta \u00e4r dock ovanligt.<\/p>\n<p>[\/et_pb_text][\/et_pb_column][\/et_pb_row][et_pb_row _builder_version=&#8221;4.27.4&#8243; _module_preset=&#8221;default&#8221; custom_margin=&#8221;||||false|false&#8221; custom_padding=&#8221;||||false|false&#8221; global_colors_info=&#8221;{}&#8221;][et_pb_column type=&#8221;4_4&#8243; _builder_version=&#8221;4.16&#8243; _module_preset=&#8221;default&#8221; global_colors_info=&#8221;{}&#8221;][et_pb_text module_class=&#8221;opm-list-check&#8221; _builder_version=&#8221;4.27.4&#8243; _module_preset=&#8221;default&#8221; header_2_font=&#8221;|800|||||||&#8221; header_2_font_size=&#8221;30px&#8221; header_3_text_color=&#8221;#00A2E5&#8243; locked=&#8221;off&#8221; global_colors_info=&#8221;{}&#8221;]<\/p>\n<h2>Postoperativ information efter tandutdragning<\/h2>\n<p ><strong>Efter att man dragit ut en tand finns det en del saker du b\u00f6r t\u00e4nka p\u00e5.<\/strong><\/p>\n<p>N\u00e4r bed\u00f6vningen sl\u00e4pper kan det b\u00f6rja <b>bl\u00f6da<\/b> lite fr\u00e5n s\u00e5ret vilket \u00e4r helt normalt. Ta d\u00e5 en av de sterila bomullstussarna vi skickat med, fukta den i lite ljummet vatten och bit ihop h\u00e5rt i ca 20 min. Trycket stoppar bl\u00f6dningen.<\/p>\n<p>Vanligt f\u00f6rekommande \u00e4r \u00e4ven <b>svullnad<\/b> runt s\u00e5romr\u00e5det, fr\u00e5n l\u00e4pp ut mot kinden. Detta b\u00f6r g\u00e5 \u00f6ver efter n\u00e5gra dagar.<\/p>\n<p>Du kommer eventuellt \u00e4ven k\u00e4nna <b>v\u00e4rk<\/b> och <b>\u00f6mhet<\/b> fr\u00e5n omr\u00e5det vilket vanligtvis h\u00e5ller i sig i ca 3\u20134 dagar men kan p\u00e5g\u00e5 upp till tv\u00e5 veckor. Besv\u00e4ren kan d\u00e4mpas med receptfria sm\u00e4rtstillande tabletter.<\/p>\n<p>Vi rekommenderar alltid reng\u00f6ring med en <b>extra mjuk tandborste<\/b> runt s\u00e5romr\u00e5det som finns att k\u00f6pa hos oss eller Apoteket. Dina \u00f6vriga t\u00e4nder borstar du som vanligt med din ordinarie tandborste. Sk\u00f6lj \u00e4ven munnen med <b>Paroex<\/b> som inneh\u00e5ller bakterid\u00f6dande medel (0,12% klorhexidin) tre g\u00e5nger om dagen i 7 dagar.<\/p>\n<p><strong>Kontakta oss:<\/strong><\/p>\n<ul>\n<li>Om du inte f\u00e5r stopp p\u00e5 bl\u00f6dningen.<\/li>\n<li>Om svullnad och gapsv\u00e5righeter inte minskar efter 14 dagar.<\/li>\n<li>Om svullnad uppst\u00e5r ner mot halsen, munbotten eller upp mot \u00f6gat.<\/li>\n<li>Om du f\u00e5r sv\u00e5righeter att sv\u00e4lja eller dricka.<\/li>\n<li>Om du f\u00e5r feber eller allm\u00e4np\u00e5verkan.<\/li>\n<\/ul>\n<p><strong>Om du f\u00e5r sv\u00e5rt att andas s\u00e5 kontaktar du 112. Andningssv\u00e5righeter efter en tandutdragning \u00e4r dock ytterst ovanligt.<\/strong><\/p>\n<p>[\/et_pb_text][\/et_pb_column][\/et_pb_row][et_pb_row _builder_version=&#8221;4.27.4&#8243; _module_preset=&#8221;default&#8221; custom_margin=&#8221;||||false|false&#8221; custom_padding=&#8221;||||false|false&#8221; global_colors_info=&#8221;{}&#8221;][et_pb_column type=&#8221;4_4&#8243; _builder_version=&#8221;4.16&#8243; _module_preset=&#8221;default&#8221; global_colors_info=&#8221;{}&#8221;][et_pb_text module_class=&#8221;opm-list-check&#8221; _builder_version=&#8221;4.27.4&#8243; _module_preset=&#8221;default&#8221; header_2_font=&#8221;|800|||||||&#8221; header_2_font_size=&#8221;30px&#8221; header_3_text_color=&#8221;#00A2E5&#8243; locked=&#8221;off&#8221; global_colors_info=&#8221;{}&#8221;]<\/p>\n<h2>Postoperation information efter Implatat<\/h2>\n<p>Efterbesv\u00e4ren efter en implantatoperation varierar fr\u00e5n person till person beroende p\u00e5 hur omfattande operationen \u00e4r\/ hur m\u00e5nga implantatskruvar vi opererat in.<\/p>\n<p>Vid en mindre operation (1\u20133 implantarskruvar) kan mindre <b>bl\u00f6dning<\/b>, <b>svullnad och v\u00e4rk<\/b> i operationsomr\u00e5det, kind och l\u00e4pp f\u00f6rekomma.<\/p>\n<p>Vid st\u00f6rre operationer (4\u20136 implantatskruvar) kan svullnaden och v\u00e4rken vara mer m\u00e4rkbar. Efter n\u00e5gra dagar kan det svullnade omr\u00e5det bli bl\u00e5- och gulaktigt.<\/p>\n<p>F\u00f6r att minska svullnaden efter operationen kan du g\u00e4rna f\u00f6rbereda en inlindad p\u00e5se is hemma f\u00f6r att kyla ner operationsomr\u00e5det.<\/p>\n<p>Vid mer komplicerade operationer i underk\u00e4ken kan det f\u00f6rekomma k\u00e4nselneds\u00e4ttningar i haka och l\u00e4pp en tid efter operationen. Observera att detta sker i s\u00e4llsynta fall!<\/p>\n<p><strong>Kontakta oss:<\/strong><\/p>\n<ul>\n<li>Om du inte f\u00e5r stopp p\u00e5 bl\u00f6dningen.<\/li>\n<li>Om svullnad och gapsv\u00e5righeter inte minskar efter 3-4 dagar.<\/li>\n<li>Om svullnad uppst\u00e5r ner mot halsen, munbotten eller upp mot \u00f6gat.<\/li>\n<li>Om du f\u00e5r sv\u00e5righeter att sv\u00e4lja eller dricka.<\/li>\n<li>Om du f\u00e5r feber eller allm\u00e4np\u00e5verkan.<\/li>\n<\/ul>\n<p>[\/et_pb_text][\/et_pb_column][\/et_pb_row][et_pb_row _builder_version=&#8221;4.27.4&#8243; _module_preset=&#8221;default&#8221; custom_margin=&#8221;||||false|false&#8221; custom_padding=&#8221;||||false|false&#8221; global_colors_info=&#8221;{}&#8221;][et_pb_column type=&#8221;4_4&#8243; _builder_version=&#8221;4.16&#8243; _module_preset=&#8221;default&#8221; global_colors_info=&#8221;{}&#8221;][et_pb_text module_class=&#8221;opm-list-check&#8221; _builder_version=&#8221;4.27.4&#8243; _module_preset=&#8221;default&#8221; header_2_font=&#8221;|800|||||||&#8221; header_2_font_size=&#8221;30px&#8221; header_3_text_color=&#8221;#00A2E5&#8243; locked=&#8221;off&#8221; global_colors_info=&#8221;{}&#8221;]<\/p>\n<h2>Postoperativ information efter tandhygienistbehandling<\/h2>\n<p>Tandhygienistens jobb \u00e4r att f\u00e5 bort bakterier, tandsten och missf\u00e4rgningar p\u00e5 dina t\u00e4nder. Vanligtvis f\u00e5r du inga efterbesv\u00e4r, detta beror p\u00e5 hur omfattande behandlingen varit.<\/p>\n<p>Vanliga efterbesv\u00e4r \u00e4r <b>\u00f6mhet<\/b> i tandk\u00f6ttet samt <b>ilningar<\/b> i t\u00e4nderna. Besv\u00e4ren kan h\u00e5lla i sig upp till tv\u00e5 veckor tills tandk\u00f6ttet l\u00e4kt och stramar \u00e5t kring tanden.<\/p>\n<p>Om du f\u00e5tt <b>bed\u00f6vning<\/b> under behandlingen b\u00f6r du avvakta med att \u00e4ta samt dricka varm dryck tills bed\u00f6vningen sl\u00e4ppt s\u00e5 att du inte riskerar att bita dig eller br\u00e4nna munslemhinnan.<\/p>\n<p>[\/et_pb_text][\/et_pb_column][\/et_pb_row][et_pb_row _builder_version=&#8221;4.27.4&#8243; _module_preset=&#8221;default&#8221; custom_margin=&#8221;||||false|false&#8221; custom_padding=&#8221;||||false|false&#8221; global_colors_info=&#8221;{}&#8221;][et_pb_column type=&#8221;4_4&#8243; _builder_version=&#8221;4.16&#8243; _module_preset=&#8221;default&#8221; global_colors_info=&#8221;{}&#8221;][et_pb_text module_class=&#8221;opm-list-check&#8221; _builder_version=&#8221;4.27.4&#8243; _module_preset=&#8221;default&#8221; header_2_font=&#8221;|800|||||||&#8221; header_2_font_size=&#8221;30px&#8221; header_3_text_color=&#8221;#00A2E5&#8243; locked=&#8221;off&#8221; global_colors_info=&#8221;{}&#8221;]<\/p>\n<h2>Postoperativ information efter blekning<\/h2>\n<p>Inf\u00f6r en blekning b\u00f6r du t\u00e4nka p\u00e5 ett par saker som din tandl\u00e4kare eller tandhygienist kommer att g\u00e5 igenom med dig.<\/p>\n<p>Undvik att \u00e4ta, dricka, r\u00f6ka och snusa medan du b\u00e4r blekskenorna. Undvik \u00e4ven att \u00e4ta och dricka f\u00e4rgstarka livsmedel under blekningens g\u00e5ng och n\u00e5gra dagar efter avslutad behandling.<\/p>\n<p>Vissa patienter kan uppleva \u00f6kad k\u00e4nslighet i t\u00e4nderna. Vanligt f\u00f6rekommande \u00e4r ilningar vid intag av varm och kall f\u00f6da\/ dryck. Detta \u00e4r dock inte farligt och f\u00f6rsvinner ett till tv\u00e5 dygn efter att du avslutat din blekning.<\/p>\n<p>[\/et_pb_text][\/et_pb_column][\/et_pb_row][\/et_pb_section][et_pb_section fb_built=&#8221;1&#8243; _builder_version=&#8221;4.27.2&#8243; _module_preset=&#8221;default&#8221; global_module=&#8221;273979&#8243; global_colors_info=&#8221;{}&#8221;][et_pb_row column_structure=&#8221;1_4,1_4,1_4,1_4&#8243; use_custom_gutter=&#8221;on&#8221; gutter_width=&#8221;2&#8243; make_equal=&#8221;on&#8221; _builder_version=&#8221;4.27.2&#8243; _module_preset=&#8221;default&#8221; locked=&#8221;off&#8221; global_colors_info=&#8221;{}&#8221;][et_pb_column type=&#8221;1_4&#8243; _builder_version=&#8221;4.27.2&#8243; _module_preset=&#8221;default&#8221; background_enable_color=&#8221;off&#8221; custom_padding=&#8221;||||false|false&#8221; global_colors_info=&#8221;{}&#8221;][et_pb_image src=&#8221;https:\/\/familydental.se\/wp-content\/uploads\/2023\/04\/Sparapengar.gif&#8221; alt=&#8221;Sparapengar&#8221; title_text=&#8221;Sparapengar&#8221; _builder_version=&#8221;4.27.2&#8243; _module_preset=&#8221;default&#8221; width=&#8221;50px&#8221; width_tablet=&#8221;50px&#8221; width_phone=&#8221;49px&#8221; width_last_edited=&#8221;on|tablet&#8221; module_alignment=&#8221;left&#8221; global_colors_info=&#8221;{}&#8221;][\/et_pb_image][et_pb_text _builder_version=&#8221;4.27.2&#8243; _module_preset=&#8221;default&#8221; header_3_line_height=&#8221;1.2em&#8221; global_colors_info=&#8221;{}&#8221;]<\/p>\n<h3>Delbetala fast pris i m\u00e5naden och r\u00e4ntefritt<\/h3>\n<p>[\/et_pb_text][\/et_pb_column][et_pb_column type=&#8221;1_4&#8243; _builder_version=&#8221;4.27.2&#8243; _module_preset=&#8221;default&#8221; background_enable_color=&#8221;off&#8221; custom_padding=&#8221;||||false|false&#8221; global_colors_info=&#8221;{}&#8221;][et_pb_image src=&#8221;https:\/\/familydental.se\/wp-content\/uploads\/2023\/04\/Team-tandvard.gif&#8221; alt=&#8221;Team tandvard&#8221; title_text=&#8221;Team tandvard&#8221; _builder_version=&#8221;4.27.2&#8243; _module_preset=&#8221;default&#8221; width=&#8221;50px&#8221; width_tablet=&#8221;50px&#8221; width_phone=&#8221;49px&#8221; width_last_edited=&#8221;on|tablet&#8221; module_alignment=&#8221;left&#8221; locked=&#8221;off&#8221; global_colors_info=&#8221;{}&#8221;][\/et_pb_image][et_pb_text _builder_version=&#8221;4.27.4&#8243; _module_preset=&#8221;default&#8221; header_3_line_height=&#8221;1.2em&#8221; locked=&#8221;off&#8221; global_colors_info=&#8221;{}&#8221;]<\/p>\n<h3>Kvalitativ tandv\u00e5rd till r\u00e4tt pris p\u00e5 Kungsholmen<\/h3>\n<p>[\/et_pb_text][\/et_pb_column][et_pb_column type=&#8221;1_4&#8243; _builder_version=&#8221;4.27.2&#8243; _module_preset=&#8221;default&#8221; background_enable_color=&#8221;off&#8221; custom_padding=&#8221;||||false|false&#8221; global_colors_info=&#8221;{}&#8221;][et_pb_image src=&#8221;https:\/\/familydental.se\/wp-content\/uploads\/2023\/04\/24-7online.gif&#8221; alt=&#8221;24 7online&#8221; title_text=&#8221;24 7online&#8221; _builder_version=&#8221;4.27.2&#8243; _module_preset=&#8221;default&#8221; width=&#8221;50px&#8221; width_tablet=&#8221;50px&#8221; width_phone=&#8221;49px&#8221; width_last_edited=&#8221;on|tablet&#8221; module_alignment=&#8221;left&#8221; locked=&#8221;off&#8221; global_colors_info=&#8221;{}&#8221;][\/et_pb_image][et_pb_text _builder_version=&#8221;4.27.4&#8243; _module_preset=&#8221;default&#8221; header_3_line_height=&#8221;1.2em&#8221; locked=&#8221;off&#8221; global_colors_info=&#8221;{}&#8221;]<\/p>\n<h3>Akuttid samma dag f\u00f6r att kunna hj\u00e4lpa dig direkt<\/h3>\n<p>[\/et_pb_text][\/et_pb_column][et_pb_column type=&#8221;1_4&#8243; _builder_version=&#8221;4.27.2&#8243; _module_preset=&#8221;default&#8221; background_enable_color=&#8221;off&#8221; custom_padding=&#8221;||||false|false&#8221; global_colors_info=&#8221;{}&#8221;][et_pb_image src=&#8221;https:\/\/familydental.se\/wp-content\/uploads\/2023\/04\/24-7online.gif&#8221; alt=&#8221;24 7online&#8221; title_text=&#8221;24 7online&#8221; _builder_version=&#8221;4.27.2&#8243; _module_preset=&#8221;default&#8221; width=&#8221;50px&#8221; width_tablet=&#8221;50px&#8221; width_phone=&#8221;49px&#8221; width_last_edited=&#8221;on|tablet&#8221; module_alignment=&#8221;left&#8221; locked=&#8221;off&#8221; global_colors_info=&#8221;{}&#8221;][\/et_pb_image][et_pb_text _builder_version=&#8221;4.27.4&#8243; _module_preset=&#8221;default&#8221; header_3_line_height=&#8221;1.2em&#8221; locked=&#8221;off&#8221; global_colors_info=&#8221;{}&#8221;]<\/p>\n<h3>V\u00e4lutbildad personal med bred kompetens<\/h3>\n<p>[\/et_pb_text][\/et_pb_column][\/et_pb_row][\/et_pb_section][et_pb_section fb_built=&#8221;1&#8243; _builder_version=&#8221;4.27.3&#8243; _module_preset=&#8221;default&#8221; background_color=&#8221;#f9f9f9&#8243; global_module=&#8221;273975&#8243; global_colors_info=&#8221;{}&#8221;][et_pb_row _builder_version=&#8221;4.27.2&#8243; _module_preset=&#8221;default&#8221; global_colors_info=&#8221;{}&#8221;][et_pb_column type=&#8221;4_4&#8243; _builder_version=&#8221;4.27.2&#8243; _module_preset=&#8221;default&#8221; global_colors_info=&#8221;{}&#8221;][et_pb_text _builder_version=&#8221;4.27.2&#8243; _module_preset=&#8221;default&#8221; header_2_text_align=&#8221;center&#8221; header_2_font_size=&#8221;40px&#8221; header_3_text_align=&#8221;center&#8221; header_3_text_color=&#8221;#0C71C3&#8243; global_colors_info=&#8221;{}&#8221;]<\/p>\n<h2>Nyheter &amp; erbjudanden<\/h2>\n<h3>H\u00e4r hittar du det senaste fr\u00e5n Family Dental Care<\/h3>\n<p>[\/et_pb_text][et_pb_blog fullwidth=&#8221;off&#8221; posts_number=&#8221;3&#8243; include_categories=&#8221;all&#8221; meta_date=&#8221;j F Y&#8221; excerpt_length=&#8221;120&#8243; show_more=&#8221;on&#8221; show_author=&#8221;off&#8221; show_pagination=&#8221;off&#8221; _builder_version=&#8221;4.27.2&#8243; _module_preset=&#8221;default&#8221; meta_font_size=&#8221;13px&#8221; read_more_font=&#8221;||||||||&#8221; background_enable_color=&#8221;off&#8221; custom_css_free_form=&#8221;a.more-link {||    color: #000000!important;||    float: right;||    background: #e9e9e9;||    padding: 3px 20px !important;||    border-radius: 50px;||    font-size: 14px;||    margin-top: 20px;||}||a.more-link:hover {||    color: #ffff!important;||    background: #0c71c3;||}&#8221; border_radii=&#8221;on|15px|15px|15px|15px&#8221; border_width_all=&#8221;0px&#8221; border_radii_image=&#8221;off|15px|15px||&#8221; global_colors_info=&#8221;{}&#8221;][\/et_pb_blog][\/et_pb_column][\/et_pb_row][\/et_pb_section]<\/p>\n","protected":false},"excerpt":{"rendered":"<p>V\u00e5rd &amp; R\u00e5d Efter behandling N\u00e4r du genomg\u00e5tt en professionell tandl\u00e4karbehandling hos Family Dental Care kan ibland en del efterbesv\u00e4r dyka upp. Nedan kan du l\u00e4sa lite mer om vad du kan f\u00f6rv\u00e4nta dig efter en behandling och hur du kan f\u00e5 hj\u00e4lp.Postoperation information efter rotfyllning Att g\u00f6ra en rotfyllning inneb\u00e4r att man tar bort tandens nerv, g\u00f6r rent i rotkanalerna f\u00f6r att sedan fylla igen tanden s\u00e5 att bakterier inte kan leva i den. Vanliga efterbesv\u00e4r efter en s\u00e5dan behandling \u00e4r \u00f6mhet vid p\u00e5bitning, spontan v\u00e4rk och svullnad i tandk\u00f6ttet kring tanden. En rotfyllning \u00e4r en tidskr\u00e4vande behandling d\u00e4r du beh\u00f6ver gapa l\u00e4nge. Man kan d\u00e4rf\u00f6r \u00e4ven ha ont i k\u00e4ken efter en behandling. Dessa efterbesv\u00e4r g\u00e5r oftast \u00f6ver av sig sj\u00e4lv inom 2 veckor och kan d\u00e4mpas med hj\u00e4lp av receptfria sm\u00e4rtstillande l\u00e4kemedel. Om sm\u00e4rtan inte avtar efter 2 veckor ringer du oss f\u00f6r vidare utredning. Mer s\u00e4llsynta efterbesv\u00e4r kan i vissa fall f\u00f6rekomma.Postoperativ information efter protetisk behandling (kronterapi\/ broterapi) N\u00e4r du har genomg\u00e5tt en protetisk behandling har tandl\u00e4karen slipat p\u00e5 din tand f\u00f6r att sedan cementera fast en porslinskrona eller bro. Vanliga besv\u00e4r efter en s\u00e5dan behandling \u00e4r ilningar och v\u00e4rk i tanden\/ t\u00e4nderna vid intag av [&hellip;]<\/p>\n","protected":false},"author":5,"featured_media":0,"parent":0,"menu_order":0,"comment_status":"closed","ping_status":"closed","template":"","meta":{"_et_pb_use_builder":"on","_et_pb_old_content":"","_et_gb_content_width":"","inline_featured_image":false,"footnotes":""},"class_list":["post-271111","page","type-page","status-publish","hentry"],"_links":{"self":[{"href":"https:\/\/familydental.se\/en\/wp-json\/wp\/v2\/pages\/271111","targetHints":{"allow":["GET"]}}],"collection":[{"href":"https:\/\/familydental.se\/en\/wp-json\/wp\/v2\/pages"}],"about":[{"href":"https:\/\/familydental.se\/en\/wp-json\/wp\/v2\/types\/page"}],"author":[{"embeddable":true,"href":"https:\/\/familydental.se\/en\/wp-json\/wp\/v2\/users\/5"}],"replies":[{"embeddable":true,"href":"https:\/\/familydental.se\/en\/wp-json\/wp\/v2\/comments?post=271111"}],"version-history":[{"count":0,"href":"https:\/\/familydental.se\/en\/wp-json\/wp\/v2\/pages\/271111\/revisions"}],"wp:attachment":[{"href":"https:\/\/familydental.se\/en\/wp-json\/wp\/v2\/media?parent=271111"}],"curies":[{"name":"wp","href":"https:\/\/api.w.org\/{rel}","templated":true}]}}