{"id":270415,"date":"2023-03-20T14:20:01","date_gmt":"2023-03-20T13:20:01","guid":{"rendered":"https:\/\/familydental.se\/?page_id=270415"},"modified":"2025-08-29T08:53:35","modified_gmt":"2025-08-29T06:53:35","slug":"part-and-installment-payments","status":"publish","type":"page","link":"https:\/\/familydental.se\/en\/del-och-avbetalning\/","title":{"rendered":"Part and installment"},"content":{"rendered":"<p>[et_pb_section fb_built=&#8221;1&#8243; padding_top_bottom_link_2=&#8221;false&#8221; padding_left_right_link_2=&#8221;false&#8221; module_class=&#8221;arman-opm&#8221; _builder_version=&#8221;4.27.4&#8243; _module_preset=&#8221;default&#8221; background_color=&#8221;#F7F7F7&#8243; background_image=&#8221;https:\/\/familydental.se\/wp-content\/uploads\/2023\/03\/family-bg-vit-1.jpg&#8221; background_size=&#8221;custom&#8221; background_position=&#8221;bottom_center&#8221; background_vertical_offset=&#8221;-34%&#8221; background_blend=&#8221;multiply&#8221; z_index=&#8221;60&#8243; max_height_tablet=&#8221;500px&#8221; max_height_phone=&#8221;603px&#8221; max_height_last_edited=&#8221;on|phone&#8221; custom_margin=&#8221;||||false|false&#8221; custom_padding=&#8221;||||false|false&#8221; top_divider_color=&#8221;#0746b5&#8243; top_divider_height=&#8221;35px&#8221; top_divider_flip=&#8221;horizontal|vertical&#8221; bottom_divider_color=&#8221;#1e3a96&#8243; bottom_divider_height=&#8221;35px&#8221; locked=&#8221;off&#8221; global_colors_info=&#8221;{%22gcid-95b66844-0252-4e7a-a3c6-3fa6293c75c9%22:%91%22background_color_gradient_stops%22%93,%22gcid-1cb445ac-eff0-4c88-9dac-c43ad86565ed%22:%91%22background_color_gradient_stops%22%93,%22gcid-7983a427-d7f2-4055-b900-81b3e6cd54fc%22:%91%22background_color_gradient_stops%22%93,%22gcid-d1cd8bbf-7e6e-4d81-9371-233963640aa0%22:%91%22background_color_gradient_stops%22%93}&#8221;][et_pb_row column_structure=&#8221;1_2,1_2&#8243; make_equal=&#8221;on&#8221; _builder_version=&#8221;4.27.3&#8243; _module_preset=&#8221;default&#8221; custom_margin=&#8221;0px||0px||false|false&#8221; custom_padding=&#8221;0px||0px||false|false&#8221; global_colors_info=&#8221;{}&#8221;][et_pb_column type=&#8221;1_2&#8243; _builder_version=&#8221;4.27.3&#8243; _module_preset=&#8221;default&#8221; custom_padding=&#8221;20px||20px||false|false&#8221; custom_css_main_element=&#8221;align-self: flex-end;&#8221; global_colors_info=&#8221;{}&#8221;][et_pb_text _builder_version=&#8221;4.27.4&#8243; _module_preset=&#8221;default&#8221; text_text_color=&#8221;#000000&#8243; header_text_color=&#8221;#0C71C3&#8243; header_font_size=&#8221;60px&#8221; header_2_font=&#8221;|||on|||||&#8221; header_2_text_color=&#8221;#000000&#8243; header_2_font_size=&#8221;50px&#8221; header_2_line_height=&#8221;1.2em&#8221; header_font_size_tablet=&#8221;&#8221; header_font_size_phone=&#8221;28px&#8221; header_font_size_last_edited=&#8221;on|desktop&#8221; header_2_font_size_tablet=&#8221;50px&#8221; header_2_font_size_phone=&#8221;28px&#8221; header_2_font_size_last_edited=&#8221;on|phone&#8221; custom_css_free_form=&#8221;selector p span{||  font-size: 30px;||  color: #00a2e5;||  line-height: 10px;||}||selector h2 span{||  color: #00a2e5;||  text-decoration: underline;||  text-decoration-color: #ffffff;||  font-size: 65px;||}||@media all and (max-width: 767px) {||selector h2 span {||font-size: 30px;||}||}||selector ul {||  list-style: none; ||  padding-left: 0;||  font-weight: bold;||}||||selector ul li {||  position: relative; ||  padding-left: 25px; ||}||||selector ul li::before {||\tfont-family: &#8217;ETMODULES&#8217;;||  content: &#8217;%92e052&#8217;;||  position: absolute;||  left: 0;||  color: #22cb29; ||  font-weight: bold;||  font-size: 18px; ||}&#8221; locked=&#8221;off&#8221; global_colors_info=&#8221;{}&#8221;]<\/p>\n<p><span><strong>Du kan<\/strong><\/span><\/p>\n<h1>Delbetala med fast m\u00e5nadskostnad &#8211; utan r\u00e4nta<\/h1>\n<p><strong>Delbetala din tandv\u00e5rd m\u00e5nadsvis utan r\u00e4nta eller extra avgifter.<\/strong><br \/>Genom att anv\u00e4nda fast m\u00e5natlig avbetalning utan r\u00e4nta eller dolda avgifter kan du enkelt sprida ut kostnaderna \u00f6ver tid.<br \/><strong>Vi p\u00e5 Family Dental Care \u00e4r en kontantfri klinik och fakturerar ej.<\/p>\n<p><\/strong>D\u00e5 vi samarbetar med Wasa kredit och Payzmart kan vi erbjuda dig delbetalning. F\u00f6r att din ans\u00f6kan om delbetalning ska g\u00e5 igenom m\u00e5ste du uppfylla f\u00f6ljande grundkrav:<\/p>\n<ul>\n<li><\/li>\n<li>Du har ett giltigt Mobilt BankID<\/li>\n<li>Du \u00e4r minst tjugo \u00e5r<\/li>\n<li>Du har inga betalningsanm\u00e4rkningar<\/li>\n<li>Du har varit folkbokf\u00f6rd i Sverige i minst 3 \u00e5r<\/li>\n<li>Du har stadigvarande inkomst av tj\u00e4nst eller pension<\/li>\n<\/ul>\n<p><strong>\u00a0<\/strong><\/p>\n<p>[\/et_pb_text][\/et_pb_column][et_pb_column type=&#8221;1_2&#8243; _builder_version=&#8221;4.20.1&#8243; _module_preset=&#8221;default&#8221; custom_padding=&#8221;20px||20px||false|false&#8221; global_colors_info=&#8221;{}&#8221;][\/et_pb_column][\/et_pb_row][et_pb_row column_structure=&#8221;2_3,1_3&#8243; _builder_version=&#8221;4.27.3&#8243; _module_preset=&#8221;default&#8221; global_colors_info=&#8221;{}&#8221;][et_pb_column type=&#8221;2_3&#8243; module_class=&#8221;opm-botton&#8221; _builder_version=&#8221;4.27.3&#8243; _module_preset=&#8221;default&#8221; custom_css_free_form=&#8221;.opm-botton {||display: flex;||flex-wrap: wrap;||gap: 15px;||}&#8221; global_colors_info=&#8221;{}&#8221;][et_pb_button button_url=&#8221;\/erbjudanden-tandvard\/&#8221; button_text=&#8221;V\u00e5ra priser&#8221; _builder_version=&#8221;4.27.4&#8243; _module_preset=&#8221;default&#8221; custom_button=&#8221;on&#8221; button_text_size=&#8221;16px&#8221; button_text_color=&#8221;#0C71C3&#8243; button_bg_color=&#8221;RGBA(255,255,255,0)&#8221; button_border_width=&#8221;2px&#8221; button_border_radius=&#8221;50px&#8221; button_font=&#8221;|&#8211;et_global_body_font_weight|||||||&#8221; button_icon=&#8221;&#xf245;||fa||900&#8243; button_icon_placement=&#8221;left&#8221; button_on_hover=&#8221;off&#8221; custom_margin=&#8221;||0px||false|false&#8221; custom_padding=&#8221;|20px||40px|false|false&#8221; custom_css_main_element=&#8221;min-width: 45%;&#8221; global_colors_info=&#8221;{}&#8221; button_bg_color__hover_enabled=&#8221;on|desktop&#8221; button_bg_color__hover=&#8221;#0C71C3&#8243; button_bg_enable_color__hover=&#8221;on&#8221; button_text_color__hover_enabled=&#8221;on|hover&#8221; button_text_color__hover=&#8221;#FFFFFF&#8221;][\/et_pb_button][et_pb_button button_url=&#8221;\/av-ombokningsvillkor\/&#8221; button_text=&#8221;Bokningsvillkor&#8221; _builder_version=&#8221;4.27.4&#8243; _module_preset=&#8221;default&#8221; custom_button=&#8221;on&#8221; button_text_size=&#8221;16px&#8221; button_text_color=&#8221;#0C71C3&#8243; button_bg_color=&#8221;RGBA(255,255,255,0)&#8221; button_border_width=&#8221;2px&#8221; button_border_radius=&#8221;50px&#8221; button_font=&#8221;|&#8211;et_global_body_font_weight|||||||&#8221; button_icon=&#8221;&#xf245;||fa||900&#8243; button_icon_placement=&#8221;left&#8221; button_on_hover=&#8221;off&#8221; custom_margin=&#8221;||0px||false|false&#8221; custom_padding=&#8221;|20px||40px|false|false&#8221; custom_css_main_element=&#8221;min-width: 45%;&#8221; global_colors_info=&#8221;{}&#8221; button_bg_color__hover=&#8221;#0C71C3&#8243; button_bg_color__hover_enabled=&#8221;on|desktop&#8221; button_text_color__hover=&#8221;#FFFFFF&#8221; button_text_color__hover_enabled=&#8221;on|hover&#8221;][\/et_pb_button][et_pb_button button_url=&#8221;\/boka-online\/&#8221; button_text=&#8221;Boka online&#8221; _builder_version=&#8221;4.27.4&#8243; _module_preset=&#8221;default&#8221; custom_button=&#8221;on&#8221; button_text_size=&#8221;16px&#8221; button_text_color=&#8221;#0C71C3&#8243; button_bg_color=&#8221;RGBA(255,255,255,0)&#8221; button_border_width=&#8221;2px&#8221; button_border_radius=&#8221;50px&#8221; button_font=&#8221;|&#8211;et_global_body_font_weight|||||||&#8221; button_icon=&#8221;&#xf245;||fa||900&#8243; button_icon_placement=&#8221;left&#8221; button_on_hover=&#8221;off&#8221; custom_margin=&#8221;||0px||false|false&#8221; custom_padding=&#8221;|20px||40px|false|false&#8221; custom_css_main_element=&#8221;min-width: 45%;&#8221; global_colors_info=&#8221;{}&#8221; button_bg_color__hover=&#8221;#0C71C3&#8243; button_bg_color__hover_enabled=&#8221;on|desktop&#8221; button_text_color__hover=&#8221;#FFFFFF&#8221; button_text_color__hover_enabled=&#8221;on|hover&#8221;][\/et_pb_button][\/et_pb_column][et_pb_column type=&#8221;1_3&#8243; _builder_version=&#8221;4.27.3&#8243; _module_preset=&#8221;default&#8221; global_colors_info=&#8221;{}&#8221;][\/et_pb_column][\/et_pb_row][\/et_pb_section][et_pb_section fb_built=&#8221;1&#8243; _builder_version=&#8221;4.27.4&#8243; _module_preset=&#8221;default&#8221; background_color=&#8221;#FFFFFF&#8221; background_color_gradient_direction=&#8221;155deg&#8221; background_enable_image=&#8221;off&#8221; custom_margin=&#8221;||||false|false&#8221; custom_padding=&#8221;||||false|false&#8221; top_divider_height=&#8221;50px&#8221; locked=&#8221;off&#8221; global_colors_info=&#8221;{}&#8221;][et_pb_row _builder_version=&#8221;4.27.4&#8243; _module_preset=&#8221;default&#8221; global_colors_info=&#8221;{}&#8221;][et_pb_column type=&#8221;4_4&#8243; _builder_version=&#8221;4.27.4&#8243; _module_preset=&#8221;default&#8221; global_colors_info=&#8221;{}&#8221;][et_pb_text _builder_version=&#8221;4.27.4&#8243; _module_preset=&#8221;default&#8221; header_2_text_align=&#8221;center&#8221; header_2_text_color=&#8221;#0C71C3&#8243; header_2_font_size=&#8221;32px&#8221; header_2_font_size_tablet=&#8221;32px&#8221; header_2_font_size_phone=&#8221;25px&#8221; header_2_font_size_last_edited=&#8221;on|tablet&#8221; global_colors_info=&#8221;{}&#8221;]<\/p>\n<h2>Vi samarbetar med American Express, Wasa kredit och Payzmart<\/h2>\n<p>[\/et_pb_text][\/et_pb_column][\/et_pb_row][et_pb_row column_structure=&#8221;1_3,1_3,1_3&#8243; make_equal=&#8221;on&#8221; _builder_version=&#8221;4.27.4&#8243; _module_preset=&#8221;default&#8221; custom_margin=&#8221;||||false|false&#8221; custom_padding=&#8221;||||false|false&#8221; global_colors_info=&#8221;{}&#8221;][et_pb_column type=&#8221;1_3&#8243; _builder_version=&#8221;4.27.4&#8243; _module_preset=&#8221;default&#8221; global_colors_info=&#8221;{}&#8221;][et_pb_image src=&#8221;https:\/\/familydental.se\/wp-content\/uploads\/2025\/01\/amex-logo.png&#8221; alt=&#8221;amex-logo&#8221; title_text=&#8221;payzmart-familydental&#8221; align=&#8221;center&#8221; _builder_version=&#8221;4.27.4&#8243; _module_preset=&#8221;default&#8221; custom_margin=&#8221;||||false|false&#8221; global_colors_info=&#8221;{}&#8221;][\/et_pb_image][et_pb_text module_class=&#8221;opm-list-check&#8221; _builder_version=&#8221;4.27.4&#8243; _module_preset=&#8221;default&#8221; header_2_font=&#8221;|800|||||||&#8221; header_2_text_color=&#8221;#0C71C3&#8243; header_2_font_size=&#8221;25px&#8221; header_3_text_color=&#8221;#00A2E5&#8243; locked=&#8221;off&#8221; global_colors_info=&#8221;{}&#8221;]<\/p>\n<h2>Betalningar med American Express<\/h2>\n<p>V\u00e5rt betalningssystem st\u00f6djer betalningar med American Express, en smidig betall\u00f6sning f\u00f6r dig som innehar detta kort.<\/p>\n<p><a href=\"https:\/\/www.americanexpress.com\/sv-se\/?inav=NavLogo\">L\u00e4s mer om American Express<\/a><\/p>\n<p>[\/et_pb_text][\/et_pb_column][et_pb_column type=&#8221;1_3&#8243; _builder_version=&#8221;4.27.4&#8243; _module_preset=&#8221;default&#8221; global_colors_info=&#8221;{}&#8221;][et_pb_image src=&#8221;https:\/\/familydental.se\/wp-content\/uploads\/2025\/08\/lf-finans.png&#8221; title_text=&#8221;partner-wasa-kredit-familydental&#8221; align=&#8221;center&#8221; _builder_version=&#8221;4.27.4&#8243; _module_preset=&#8221;default&#8221; hover_enabled=&#8221;0&#8243; locked=&#8221;off&#8221; global_colors_info=&#8221;{}&#8221; alt=&#8221;LF Finans&#8221; sticky_enabled=&#8221;0&#8243;][\/et_pb_image][et_pb_text module_class=&#8221;opm-list-check&#8221; _builder_version=&#8221;4.27.4&#8243; _module_preset=&#8221;default&#8221; header_2_font=&#8221;|800|||||||&#8221; header_2_text_color=&#8221;#0C71C3&#8243; header_2_font_size=&#8221;25px&#8221; header_3_text_color=&#8221;#00A2E5&#8243; locked=&#8221;off&#8221; global_colors_info=&#8221;{}&#8221;]<\/p>\n<h2>Betalningsalternativ<\/h2>\n<ul>\n<li>Kortbetalning<\/li>\n<li>Swish<\/li>\n<li>Delbetalning med Wasa kredit eller Payzmart<\/li>\n<\/ul>\n<p><a href=\"https:\/\/www.wasakredit.se\/privat\/\">L\u00e4s mer om Wasa Kredit h\u00e4r<\/a><\/p>\n<p>[\/et_pb_text][\/et_pb_column][et_pb_column type=&#8221;1_3&#8243; _builder_version=&#8221;4.27.4&#8243; _module_preset=&#8221;default&#8221; global_colors_info=&#8221;{}&#8221;][et_pb_image src=&#8221;https:\/\/familydental.se\/wp-content\/uploads\/2025\/08\/rivr.png&#8221; title_text=&#8221;payzmart-familydental&#8221; align=&#8221;center&#8221; _builder_version=&#8221;4.27.4&#8243; _module_preset=&#8221;default&#8221; custom_margin=&#8221;||||false|false&#8221; hover_enabled=&#8221;0&#8243; locked=&#8221;off&#8221; global_colors_info=&#8221;{}&#8221; alt=&#8221;rivr&#8221; sticky_enabled=&#8221;0&#8243; width=&#8221;25%&#8221;][\/et_pb_image][et_pb_text module_class=&#8221;opm-list-check&#8221; _builder_version=&#8221;4.27.4&#8243; _module_preset=&#8221;default&#8221; header_2_font=&#8221;|800|||||||&#8221; header_2_text_color=&#8221;#0C71C3&#8243; header_2_font_size=&#8221;25px&#8221; header_3_text_color=&#8221;#00A2E5&#8243; hover_enabled=&#8221;0&#8243; locked=&#8221;off&#8221; global_colors_info=&#8221;{}&#8221; sticky_enabled=&#8221;0&#8243;]<\/p>\n<h2>V\u00e5ra samarbeten<\/h2>\n<p>D\u00e5 vi samarbetar med American Express, LF Finans och Rivr kan vi erbjuda dig delbetalning av din behandlingskostnad och betalningsystem p\u00e5 plats.<\/p>\n<p><a href=\"https:\/\/www.payzmart.se\/for_patienter\" title=\"L\u00e4s om PayZart h\u00e4r\">L\u00e4s mer om Payzmart h\u00e4r<\/a>[\/et_pb_text][\/et_pb_column][\/et_pb_row][\/et_pb_section]<\/p>\n","protected":false},"excerpt":{"rendered":"<p>You can Pay in installments with a fixed monthly cost - without interest Pay your dental care monthly without interest or extra fees.By using fixed monthly installments without interest or hidden fees, you can easily spread out the costs over time.We at Family Dental Care are a cashless clinic and do not bill. As we cooperate with Wasa Credit and Payzmart, we can offer you partial payment. In order for your application for partial payment to go through, you must meet the following basic requirements: You have a valid Mobile BankID You are at least twenty years old You have no payment remarks You have been registered in Sweden for at least 3 years You have a steady income from employment or pension We cooperate with American Express, Wasa credit and PayzmartPayments with American Express Our payment system supports payments with American Express, a convenient payment solution for you who hold this card. Read more about American ExpressPayment options Card payment Swish Partial payment with Wasa Credit or Payzmart Read more about Wasa Credit hereOur partnerships As we collaborate with American Express, LF Finans and Rivr, we can offer you partial payment of your treatment cost and payment system on site. Read more about Payzmart here<\/p>","protected":false},"author":5,"featured_media":0,"parent":0,"menu_order":0,"comment_status":"closed","ping_status":"closed","template":"","meta":{"_et_pb_use_builder":"on","_et_pb_old_content":"","_et_gb_content_width":"","inline_featured_image":false,"footnotes":""},"class_list":["post-270415","page","type-page","status-publish","hentry"],"_links":{"self":[{"href":"https:\/\/familydental.se\/en\/wp-json\/wp\/v2\/pages\/270415","targetHints":{"allow":["GET"]}}],"collection":[{"href":"https:\/\/familydental.se\/en\/wp-json\/wp\/v2\/pages"}],"about":[{"href":"https:\/\/familydental.se\/en\/wp-json\/wp\/v2\/types\/page"}],"author":[{"embeddable":true,"href":"https:\/\/familydental.se\/en\/wp-json\/wp\/v2\/users\/5"}],"replies":[{"embeddable":true,"href":"https:\/\/familydental.se\/en\/wp-json\/wp\/v2\/comments?post=270415"}],"version-history":[{"count":0,"href":"https:\/\/familydental.se\/en\/wp-json\/wp\/v2\/pages\/270415\/revisions"}],"wp:attachment":[{"href":"https:\/\/familydental.se\/en\/wp-json\/wp\/v2\/media?parent=270415"}],"curies":[{"name":"wp","href":"https:\/\/api.w.org\/{rel}","templated":true}]}}