{"id":266666,"date":"2022-10-23T15:39:42","date_gmt":"2022-10-23T13:39:42","guid":{"rendered":"https:\/\/familydental.se\/?page_id=266666"},"modified":"2024-11-29T15:30:19","modified_gmt":"2024-11-29T14:30:19","slug":"thanks","status":"publish","type":"page","link":"https:\/\/familydental.se\/en\/tack\/","title":{"rendered":"Thanks to"},"content":{"rendered":"<p>[et_pb_section fb_built=&#8221;1&#8243; padding_top_bottom_link_2=&#8221;false&#8221; padding_left_right_link_2=&#8221;false&#8221; _builder_version=&#8221;4.27.4&#8243; background_color=&#8221;#F7F7F7&#8243; background_image=&#8221;https:\/\/familydental.se\/wp-content\/uploads\/2023\/03\/family-bg-vit-1.jpg&#8221; background_size=&#8221;custom&#8221; background_position=&#8221;bottom_center&#8221; background_vertical_offset=&#8221;-34%&#8221; background_blend=&#8221;multiply&#8221; z_index=&#8221;60&#8243; min_height=&#8221;500px&#8221; max_height_last_edited=&#8221;off|desktop&#8221; custom_margin=&#8221;||||false|false&#8221; custom_padding=&#8221;||||false|false&#8221; background_last_edited=&#8221;off|desktop&#8221; background_image_height_tablet=&#8221;50%&#8221; background_image_height_phone=&#8221;40%&#8221; background_position_tablet=&#8221;top_center&#8221; background_position_phone=&#8221;top_center&#8221; background_vertical_offset_tablet=&#8221;-50%&#8221; background_vertical_offset_phone=&#8221;-34%&#8221; global_colors_info=&#8221;{%22gcid-95b66844-0252-4e7a-a3c6-3fa6293c75c9%22:%91%22background_color_gradient_stops%22,%22background_color_gradient_stops%22%93,%22gcid-1cb445ac-eff0-4c88-9dac-c43ad86565ed%22:%91%22background_color_gradient_stops%22,%22background_color_gradient_stops%22%93,%22gcid-7983a427-d7f2-4055-b900-81b3e6cd54fc%22:%91%22background_color_gradient_stops%22,%22background_color_gradient_stops%22%93,%22gcid-d1cd8bbf-7e6e-4d81-9371-233963640aa0%22:%91%22background_color_gradient_stops%22,%22background_color_gradient_stops%22%93}&#8221;][et_pb_row _builder_version=&#8221;4.18.1&#8243; module_alignment=&#8221;center&#8221; custom_padding=&#8221;||4px|||&#8221; global_colors_info=&#8221;{}&#8221;][et_pb_column type=&#8221;4_4&#8243; _builder_version=&#8221;4.18.1&#8243; custom_padding=&#8221;|40px|||false|false&#8221; global_colors_info=&#8221;{}&#8221; custom_padding__hover=&#8221;|||&#8221;][et_pb_text _builder_version=&#8221;4.27.4&#8243; header_text_align=&#8221;center&#8221; header_text_color=&#8221;#000000&#8243; header_font_size=&#8221;65px&#8221; header_2_text_align=&#8221;center&#8221; header_2_text_color=&#8221;#0C71C3&#8243; custom_margin=&#8221;||||false|false&#8221; custom_padding=&#8221;||||false|false&#8221; hover_enabled=&#8221;0&#8243; header_font_size_phone=&#8221;40px&#8221; header_font_size_last_edited=&#8221;on|phone&#8221; border_radii=&#8221;on|4px|4px|4px|4px&#8221; global_colors_info=&#8221;{}&#8221; header_2_font_size_last_edited=&#8221;on|phone&#8221; header_2_font_size_phone=&#8221;20px&#8221; sticky_enabled=&#8221;0&#8243; header_font_size_tablet=&#8221;65px&#8221;]<\/p>\n<h1>Tack f\u00f6r din f\u00f6rfr\u00e5gan!<\/h1>\n<h2>Du \u00e4r varmt v\u00e4lkommen till oss p\u00e5 Family Dental Care.<\/h2>\n<p>[\/et_pb_text][et_pb_button button_url=&#8221;\/&#8221; button_text=&#8221;G\u00e5 till startsidan&#8221; button_alignment=&#8221;center&#8221; _builder_version=&#8221;4.27.4&#8243; custom_button=&#8221;on&#8221; button_text_size=&#8221;16px&#8221; button_text_color=&#8221;#FFFFFF&#8221; button_bg_color=&#8221;#0C71C3&#8243; button_border_width=&#8221;0px&#8221; button_border_radius=&#8221;50px&#8221; button_icon=&#8221;&#xe074;||divi||400&#8243; button_icon_placement=&#8221;left&#8221; button_on_hover=&#8221;off&#8221; custom_padding=&#8221;10px|40px|10px|60px|false|false&#8221; global_colors_info=&#8221;{}&#8221;][\/et_pb_button][\/et_pb_column][\/et_pb_row][\/et_pb_section]<\/p>\n","protected":false},"excerpt":{"rendered":"<p>Tack f\u00f6r din f\u00f6rfr\u00e5gan! Du \u00e4r varmt v\u00e4lkommen till oss p\u00e5 Family Dental Care.<\/p>","protected":false},"author":6,"featured_media":0,"parent":0,"menu_order":0,"comment_status":"closed","ping_status":"closed","template":"","meta":{"_et_pb_use_builder":"on","_et_pb_old_content":"","_et_gb_content_width":"","inline_featured_image":false,"footnotes":""},"class_list":["post-266666","page","type-page","status-publish","hentry"],"_links":{"self":[{"href":"https:\/\/familydental.se\/en\/wp-json\/wp\/v2\/pages\/266666","targetHints":{"allow":["GET"]}}],"collection":[{"href":"https:\/\/familydental.se\/en\/wp-json\/wp\/v2\/pages"}],"about":[{"href":"https:\/\/familydental.se\/en\/wp-json\/wp\/v2\/types\/page"}],"author":[{"embeddable":true,"href":"https:\/\/familydental.se\/en\/wp-json\/wp\/v2\/users\/6"}],"replies":[{"embeddable":true,"href":"https:\/\/familydental.se\/en\/wp-json\/wp\/v2\/comments?post=266666"}],"version-history":[{"count":0,"href":"https:\/\/familydental.se\/en\/wp-json\/wp\/v2\/pages\/266666\/revisions"}],"wp:attachment":[{"href":"https:\/\/familydental.se\/en\/wp-json\/wp\/v2\/media?parent=266666"}],"curies":[{"name":"wp","href":"https:\/\/api.w.org\/{rel}","templated":true}]}}