{"id":214,"date":"2022-10-20T01:42:13","date_gmt":"2022-10-19T23:42:13","guid":{"rendered":"https:\/\/familydental.se\/?page_id=214"},"modified":"2025-09-23T11:56:21","modified_gmt":"2025-09-23T09:56:21","slug":"of-rebooking-conditions","status":"publish","type":"page","link":"https:\/\/familydental.se\/en\/av-ombokningsvillkor\/","title":{"rendered":"Of Rebooking conditions"},"content":{"rendered":"<p>[et_pb_section fb_built=&#8221;1&#8243; padding_top_bottom_link_2=&#8221;false&#8221; padding_left_right_link_2=&#8221;false&#8221; module_class=&#8221;arman-opm&#8221; _builder_version=&#8221;4.27.4&#8243; _module_preset=&#8221;default&#8221; background_color=&#8221;#F7F7F7&#8243; background_image=&#8221;https:\/\/familydental.se\/wp-content\/uploads\/2023\/03\/family-bg-vit-1.jpg&#8221; background_size=&#8221;custom&#8221; background_position=&#8221;bottom_center&#8221; background_vertical_offset=&#8221;-15%&#8221; background_blend=&#8221;multiply&#8221; z_index=&#8221;60&#8243; max_height_tablet=&#8221;500px&#8221; max_height_phone=&#8221;603px&#8221; max_height_last_edited=&#8221;on|phone&#8221; custom_margin=&#8221;||||false|false&#8221; custom_padding=&#8221;||||false|false&#8221; top_divider_color=&#8221;#0746b5&#8243; top_divider_height=&#8221;35px&#8221; top_divider_flip=&#8221;horizontal|vertical&#8221; bottom_divider_color=&#8221;#1e3a96&#8243; bottom_divider_height=&#8221;35px&#8221; locked=&#8221;off&#8221; global_colors_info=&#8221;{%22gcid-95b66844-0252-4e7a-a3c6-3fa6293c75c9%22:%91%22background_color_gradient_stops%22%93,%22gcid-1cb445ac-eff0-4c88-9dac-c43ad86565ed%22:%91%22background_color_gradient_stops%22%93,%22gcid-7983a427-d7f2-4055-b900-81b3e6cd54fc%22:%91%22background_color_gradient_stops%22%93,%22gcid-d1cd8bbf-7e6e-4d81-9371-233963640aa0%22:%91%22background_color_gradient_stops%22%93}&#8221;][et_pb_row column_structure=&#8221;1_2,1_2&#8243; make_equal=&#8221;on&#8221; _builder_version=&#8221;4.27.3&#8243; _module_preset=&#8221;default&#8221; custom_margin=&#8221;0px||0px||false|false&#8221; custom_padding=&#8221;0px||0px||false|false&#8221; global_colors_info=&#8221;{}&#8221;][et_pb_column type=&#8221;1_2&#8243; _builder_version=&#8221;4.27.3&#8243; _module_preset=&#8221;default&#8221; custom_padding=&#8221;20px||20px||false|false&#8221; custom_css_main_element=&#8221;align-self: flex-end;&#8221; global_colors_info=&#8221;{}&#8221;][et_pb_text _builder_version=&#8221;4.27.4&#8243; _module_preset=&#8221;default&#8221; text_text_color=&#8221;#000000&#8243; header_text_color=&#8221;#0C71C3&#8243; header_font_size=&#8221;60px&#8221; header_2_font=&#8221;|||on|||||&#8221; header_2_text_color=&#8221;#000000&#8243; header_2_font_size=&#8221;50px&#8221; header_2_line_height=&#8221;1.2em&#8221; header_font_size_tablet=&#8221;&#8221; header_font_size_phone=&#8221;28px&#8221; header_font_size_last_edited=&#8221;on|desktop&#8221; header_2_font_size_tablet=&#8221;50px&#8221; header_2_font_size_phone=&#8221;28px&#8221; header_2_font_size_last_edited=&#8221;on|phone&#8221; custom_css_free_form=&#8221;selector h2 span{||  color: #00a2e5;||  text-decoration: underline;||  text-decoration-color: #ffffff;||  font-size: 65px;||}||@media all and (max-width: 767px) {||selector h2 span {||font-size: 30px;||}||}||selector ul {||  list-style: none; ||  padding-left: 0;||  font-weight: bold;||}||||selector ul li {||  position: relative; ||  padding-left: 25px; ||}||||selector ul li::before {||\tfont-family: &#8217;ETMODULES&#8217;;||  content: &#8217;%92e052&#8217;;||  position: absolute;||  left: 0;||  color: #22cb29; ||  font-weight: bold;||  font-size: 18px; ||}&#8221; locked=&#8221;off&#8221; global_colors_info=&#8221;{}&#8221;]<\/p>\n<h1>Av- och ombokning<\/h1>\n<p>Vi v\u00e4rdes\u00e4tter tillg\u00e4nglighet och respekt f\u00f6r individen. D\u00e4rf\u00f6r till\u00e4mpar vi avbokningsregler som g\u00e4ller alla v\u00e5ra patienter.<\/p>\n<p>[\/et_pb_text][\/et_pb_column][et_pb_column type=&#8221;1_2&#8243; _builder_version=&#8221;4.20.1&#8243; _module_preset=&#8221;default&#8221; custom_padding=&#8221;20px||20px||false|false&#8221; global_colors_info=&#8221;{}&#8221;][\/et_pb_column][\/et_pb_row][et_pb_row column_structure=&#8221;2_3,1_3&#8243; _builder_version=&#8221;4.27.3&#8243; _module_preset=&#8221;default&#8221; global_colors_info=&#8221;{}&#8221;][et_pb_column type=&#8221;2_3&#8243; module_class=&#8221;opm-botton&#8221; _builder_version=&#8221;4.27.3&#8243; _module_preset=&#8221;default&#8221; custom_css_free_form=&#8221;.opm-botton {||display: flex;||flex-wrap: wrap;||gap: 15px;||}&#8221; global_colors_info=&#8221;{}&#8221;][et_pb_button button_url=&#8221;@ET-DC@eyJkeW5hbWljIjp0cnVlLCJjb250ZW50IjoicG9zdF9saW5rX3VybF9wYWdlIiwic2V0dGluZ3MiOnsicG9zdF9pZCI6IjIxMSJ9fQ==@&#8221; button_text=&#8221;V\u00e5ra priser&#8221; _builder_version=&#8221;4.27.4&#8243; _dynamic_attributes=&#8221;button_url&#8221; _module_preset=&#8221;default&#8221; custom_button=&#8221;on&#8221; button_text_size=&#8221;16px&#8221; button_text_color=&#8221;#0C71C3&#8243; button_bg_color=&#8221;RGBA(255,255,255,0)&#8221; button_border_width=&#8221;2px&#8221; button_border_radius=&#8221;50px&#8221; button_font=&#8221;|&#8211;et_global_body_font_weight|||||||&#8221; button_icon=&#8221;&#xf245;||fa||900&#8243; button_icon_placement=&#8221;left&#8221; button_on_hover=&#8221;off&#8221; custom_margin=&#8221;||0px||false|false&#8221; custom_padding=&#8221;|20px||40px|false|false&#8221; custom_css_main_element=&#8221;min-width: 45%;&#8221; global_colors_info=&#8221;{}&#8221; button_bg_color__hover_enabled=&#8221;on|desktop&#8221; button_bg_color__hover=&#8221;#0C71C3&#8243; button_bg_enable_color__hover=&#8221;on&#8221; button_text_color__hover_enabled=&#8221;on|hover&#8221; button_text_color__hover=&#8221;#FFFFFF&#8221;][\/et_pb_button][et_pb_button button_url=&#8221;\/av-ombokningsvillkor\/&#8221; button_text=&#8221;Bokningsvillkor&#8221; _builder_version=&#8221;4.27.4&#8243; _module_preset=&#8221;default&#8221; custom_button=&#8221;on&#8221; button_text_size=&#8221;16px&#8221; button_text_color=&#8221;#0C71C3&#8243; button_bg_color=&#8221;RGBA(255,255,255,0)&#8221; button_border_width=&#8221;2px&#8221; button_border_radius=&#8221;50px&#8221; button_font=&#8221;|&#8211;et_global_body_font_weight|||||||&#8221; button_icon=&#8221;&#xf245;||fa||900&#8243; button_icon_placement=&#8221;left&#8221; button_on_hover=&#8221;off&#8221; custom_margin=&#8221;||0px||false|false&#8221; custom_padding=&#8221;|20px||40px|false|false&#8221; custom_css_main_element=&#8221;min-width: 45%;&#8221; global_colors_info=&#8221;{}&#8221; button_bg_color__hover=&#8221;#0C71C3&#8243; button_bg_color__hover_enabled=&#8221;on|desktop&#8221; button_text_color__hover=&#8221;#FFFFFF&#8221; button_text_color__hover_enabled=&#8221;on|hover&#8221;][\/et_pb_button][et_pb_button button_url=&#8221;@ET-DC@eyJkeW5hbWljIjp0cnVlLCJjb250ZW50IjoicG9zdF9saW5rX3VybF9wYWdlIiwic2V0dGluZ3MiOnsicG9zdF9pZCI6IjE0MiJ9fQ==@&#8221; button_text=&#8221;Boka online&#8221; _builder_version=&#8221;4.27.4&#8243; _dynamic_attributes=&#8221;button_url&#8221; _module_preset=&#8221;default&#8221; custom_button=&#8221;on&#8221; button_text_size=&#8221;16px&#8221; button_text_color=&#8221;#0C71C3&#8243; button_bg_color=&#8221;RGBA(255,255,255,0)&#8221; button_border_width=&#8221;2px&#8221; button_border_radius=&#8221;50px&#8221; button_font=&#8221;|&#8211;et_global_body_font_weight|||||||&#8221; button_icon=&#8221;&#xf245;||fa||900&#8243; button_icon_placement=&#8221;left&#8221; button_on_hover=&#8221;off&#8221; custom_margin=&#8221;||0px||false|false&#8221; custom_padding=&#8221;|20px||40px|false|false&#8221; custom_css_main_element=&#8221;min-width: 45%;&#8221; global_colors_info=&#8221;{}&#8221; button_bg_color__hover=&#8221;#0C71C3&#8243; button_bg_color__hover_enabled=&#8221;on|desktop&#8221; button_text_color__hover=&#8221;#FFFFFF&#8221; button_text_color__hover_enabled=&#8221;on|hover&#8221;][\/et_pb_button][\/et_pb_column][et_pb_column type=&#8221;1_3&#8243; _builder_version=&#8221;4.27.3&#8243; _module_preset=&#8221;default&#8221; global_colors_info=&#8221;{}&#8221;][\/et_pb_column][\/et_pb_row][\/et_pb_section][et_pb_section fb_built=&#8221;1&#8243; _builder_version=&#8221;4.27.4&#8243; _module_preset=&#8221;default&#8221; global_colors_info=&#8221;{}&#8221;][et_pb_row column_structure=&#8221;1_2,1_2&#8243; make_equal=&#8221;on&#8221; _builder_version=&#8221;4.27.2&#8243; _module_preset=&#8221;default&#8221; locked=&#8221;off&#8221; global_colors_info=&#8221;{}&#8221;][et_pb_column type=&#8221;1_2&#8243; _builder_version=&#8221;4.27.2&#8243; _module_preset=&#8221;default&#8221; background_color=&#8221;#FFFFFF&#8221; custom_padding=&#8221;3%|3%|3%|3%|true|true&#8221; custom_padding_tablet=&#8221;3%|3%|3%|3%|true|true&#8221; custom_padding_phone=&#8221;10%|6%|10%|6%|true|true&#8221; custom_padding_last_edited=&#8221;on|phone&#8221; border_radii=&#8221;on|15px|15px|15px|15px&#8221; box_shadow_style=&#8221;preset1&#8243; box_shadow_vertical=&#8221;12px&#8221; box_shadow_blur=&#8221;48px&#8221; box_shadow_color=&#8221;#e9e9e9&#8243; global_colors_info=&#8221;{}&#8221;][et_pb_image src=&#8221;https:\/\/familydental.se\/wp-content\/uploads\/2023\/04\/Sparapengar.gif&#8221; alt=&#8221;Sparapengar&#8221; title_text=&#8221;Sparapengar&#8221; _builder_version=&#8221;4.27.4&#8243; _module_preset=&#8221;default&#8221; width=&#8221;50px&#8221; width_tablet=&#8221;50px&#8221; width_phone=&#8221;49px&#8221; width_last_edited=&#8221;on|tablet&#8221; module_alignment=&#8221;left&#8221; global_colors_info=&#8221;{}&#8221;][\/et_pb_image][et_pb_text _builder_version=&#8221;4.27.4&#8243; _module_preset=&#8221;default&#8221; hover_enabled=&#8221;0&#8243; global_colors_info=&#8221;{}&#8221; sticky_enabled=&#8221;0&#8243;]<\/p>\n<h3>Var god att av- eller omboka ditt bes\u00f6k hos oss senast 24 timmar innan din tid.<\/h3>\n<p>OBS! Var god att av- eller omboka ditt bes\u00f6k hos oss senast 24 timmar innan din avsatta tid. Sen av- eller ombokning eller uteblivna bes\u00f6k debiteras med 1000 kronor per timme oavsett anledning. Detta faktureras via Rivr med tillh\u00f6rande kreditpr\u00f6vning per automatik.<\/p>\n<p>[\/et_pb_text][\/et_pb_column][et_pb_column type=&#8221;1_2&#8243; _builder_version=&#8221;4.27.2&#8243; _module_preset=&#8221;default&#8221; background_color=&#8221;#FFFFFF&#8221; custom_padding=&#8221;3%|3%|3%|3%|true|true&#8221; custom_padding_tablet=&#8221;3%|3%|3%|3%|true|true&#8221; custom_padding_phone=&#8221;10%|6%|10%|6%|true|true&#8221; custom_padding_last_edited=&#8221;on|phone&#8221; border_radii=&#8221;on|15px|15px|15px|15px&#8221; box_shadow_style=&#8221;preset1&#8243; box_shadow_vertical=&#8221;12px&#8221; box_shadow_blur=&#8221;48px&#8221; box_shadow_color=&#8221;#e9e9e9&#8243; global_colors_info=&#8221;{}&#8221;][et_pb_image src=&#8221;https:\/\/familydental.se\/wp-content\/uploads\/2024\/08\/kredit.png&#8221; alt=&#8221;kredit&#8221; title_text=&#8221;kredit&#8221; _builder_version=&#8221;4.27.4&#8243; _module_preset=&#8221;default&#8221; width=&#8221;50px&#8221; width_tablet=&#8221;50px&#8221; width_phone=&#8221;49px&#8221; width_last_edited=&#8221;on|tablet&#8221; module_alignment=&#8221;left&#8221; locked=&#8221;off&#8221; global_colors_info=&#8221;{}&#8221;][\/et_pb_image][et_pb_text _builder_version=&#8221;4.27.4&#8243; _module_preset=&#8221;default&#8221; hover_enabled=&#8221;0&#8243; global_colors_info=&#8221;{}&#8221; sticky_enabled=&#8221;0&#8243;]<\/p>\n<h3><b>Kreditpr\u00f6vning p\u00e5 alla patienter<\/b><\/h3>\n<p>I samband med bokning hos oss kommer en kreditpr\u00f6vning g\u00f6ras p\u00e5 samtliga patienter via Rivr. Detta p\u00e5verkar inte din kreditv\u00e4rdighet hos banken.<\/p>\n<p>[\/et_pb_text][\/et_pb_column][\/et_pb_row][et_pb_row column_structure=&#8221;1_2,1_2&#8243; make_equal=&#8221;on&#8221; _builder_version=&#8221;4.27.2&#8243; _module_preset=&#8221;default&#8221; locked=&#8221;off&#8221; global_colors_info=&#8221;{}&#8221;][et_pb_column type=&#8221;1_2&#8243; _builder_version=&#8221;4.27.2&#8243; _module_preset=&#8221;default&#8221; background_color=&#8221;#FFFFFF&#8221; custom_padding=&#8221;3%|3%|3%|3%|true|true&#8221; custom_padding_tablet=&#8221;3%|3%|3%|3%|true|true&#8221; custom_padding_phone=&#8221;10%|6%|10%|6%|true|true&#8221; custom_padding_last_edited=&#8221;on|phone&#8221; border_radii=&#8221;on|15px|15px|15px|15px&#8221; box_shadow_style=&#8221;preset1&#8243; box_shadow_vertical=&#8221;12px&#8221; box_shadow_blur=&#8221;48px&#8221; box_shadow_color=&#8221;#e9e9e9&#8243; global_colors_info=&#8221;{}&#8221;][et_pb_image src=&#8221;https:\/\/familydental.se\/wp-content\/uploads\/2023\/04\/Sparapengar.gif&#8221; alt=&#8221;Sparapengar&#8221; title_text=&#8221;Sparapengar&#8221; _builder_version=&#8221;4.27.4&#8243; _module_preset=&#8221;default&#8221; width=&#8221;50px&#8221; width_tablet=&#8221;50px&#8221; width_phone=&#8221;49px&#8221; width_last_edited=&#8221;on|tablet&#8221; module_alignment=&#8221;left&#8221; global_colors_info=&#8221;{}&#8221;][\/et_pb_image][et_pb_text _builder_version=&#8221;4.27.4&#8243; _module_preset=&#8221;default&#8221; locked=&#8221;off&#8221; global_colors_info=&#8221;{}&#8221;]<\/p>\n<h3>Ovanst\u00e5ende regler finns till f\u00f6r att vi ska kunna erbjuda alla v\u00e5ra patienter v\u00e5rd<\/h3>\n<p>OBS! Ovanst\u00e5ende regler finns bland annat till f\u00f6r att vi ska kunna erbjuda alla v\u00e5ra patienter v\u00e5rd ist\u00e4llet f\u00f6r att neka andra patienter p\u00e5 grund av full bel\u00e4ggning och vi f\u00f6ruts\u00e4tter att detta \u00e4r underf\u00f6rst\u00e5tt. <\/p>\n<p><span>Vi har f\u00f6rst\u00e5else att akuta och of\u00f6rutsedda sjukdomar kan uppst\u00e5, men v\u00e5ra av och ombokningsregler best\u00e5r sig med undantag vid uppvisande av sjukintyg f\u00f6r din sjukdom eller olycka som \u00e4r utf\u00e4rdad senast 24 timmar innan ditt bokade bes\u00f6k.<\/span>[\/et_pb_text][\/et_pb_column][et_pb_column type=&#8221;1_2&#8243; _builder_version=&#8221;4.27.2&#8243; _module_preset=&#8221;default&#8221; background_color=&#8221;#FFFFFF&#8221; custom_padding=&#8221;3%|3%|3%|3%|true|true&#8221; custom_padding_tablet=&#8221;3%|3%|3%|3%|true|true&#8221; custom_padding_phone=&#8221;10%|6%|10%|6%|true|true&#8221; custom_padding_last_edited=&#8221;on|phone&#8221; border_radii=&#8221;on|15px|15px|15px|15px&#8221; box_shadow_style=&#8221;preset1&#8243; box_shadow_vertical=&#8221;12px&#8221; box_shadow_blur=&#8221;48px&#8221; box_shadow_color=&#8221;#e9e9e9&#8243; global_colors_info=&#8221;{}&#8221;][et_pb_image src=&#8221;https:\/\/familydental.se\/wp-content\/uploads\/2023\/04\/24-7online.gif&#8221; alt=&#8221;24 7online&#8221; title_text=&#8221;24 7online&#8221; _builder_version=&#8221;4.27.4&#8243; _module_preset=&#8221;default&#8221; width=&#8221;50px&#8221; width_tablet=&#8221;50px&#8221; width_phone=&#8221;49px&#8221; width_last_edited=&#8221;on|tablet&#8221; module_alignment=&#8221;left&#8221; locked=&#8221;off&#8221; global_colors_info=&#8221;{}&#8221;][\/et_pb_image][et_pb_text _builder_version=&#8221;4.27.4&#8243; _module_preset=&#8221;default&#8221; locked=&#8221;off&#8221; global_colors_info=&#8221;{}&#8221;]<\/p>\n<h3>Eventuella kostnadsfria erbjudanden faller under samma bokningsvillkor!<\/h3>\n<p><strong>OBS<\/strong>! <span>Eventuella kostnadsfria erbjudanden faller under samma bokningsvillkor och \u00e4r s\u00e5ledes endast kostnadsfria om patienten kommer p\u00e5 sin tid. <\/span><\/p>\n<p><span><strong>Notera<\/strong> att avbokningsregeln g\u00e4ller oavsett anledning. Ej korrekt avbokad tid debiteras per automatik.<\/span><\/p>\n<p><span><strong>T\u00e4nk p\u00e5<\/strong> att SMS-p\u00e5minnelsen f\u00f6r din tid \u00e4r en extra tj\u00e4nst. Ibland kan n\u00e5gon operat\u00f6r ha systemfel, vilket g\u00f6r att SMS:et ej kommer fram. D\u00e4rf\u00f6r m\u00e5ste du sj\u00e4lv ha koll p\u00e5 din tid!<\/span>[\/et_pb_text][\/et_pb_column][\/et_pb_row][\/et_pb_section]<\/p>\n","protected":false},"excerpt":{"rendered":"<p>Av- och ombokning Vi v\u00e4rdes\u00e4tter tillg\u00e4nglighet och respekt f\u00f6r individen. D\u00e4rf\u00f6r till\u00e4mpar vi avbokningsregler som g\u00e4ller alla v\u00e5ra patienter.Var god att av- eller omboka ditt bes\u00f6k hos oss senast 24 timmar innan din tid. OBS! Var god att av- eller omboka ditt bes\u00f6k hos oss senast 24 timmar innan din avsatta tid. Sen av- eller ombokning eller uteblivna bes\u00f6k debiteras med 1000 kronor per timme oavsett anledning. Detta faktureras via Rivr med tillh\u00f6rande kreditpr\u00f6vning per automatik.Kreditpr\u00f6vning p\u00e5 alla patienter I samband med bokning hos oss kommer en kreditpr\u00f6vning g\u00f6ras p\u00e5 samtliga patienter via Rivr. Detta p\u00e5verkar inte din kreditv\u00e4rdighet hos banken.Ovanst\u00e5ende regler finns till f\u00f6r att vi ska kunna erbjuda alla v\u00e5ra patienter v\u00e5rd OBS! Ovanst\u00e5ende regler finns bland annat till f\u00f6r att vi ska kunna erbjuda alla v\u00e5ra patienter v\u00e5rd ist\u00e4llet f\u00f6r att neka andra patienter p\u00e5 grund av full bel\u00e4ggning och vi f\u00f6ruts\u00e4tter att detta \u00e4r underf\u00f6rst\u00e5tt. Vi har f\u00f6rst\u00e5else att akuta och of\u00f6rutsedda sjukdomar kan uppst\u00e5, men v\u00e5ra av och ombokningsregler best\u00e5r sig med undantag vid uppvisande av sjukintyg f\u00f6r din sjukdom eller olycka som \u00e4r utf\u00e4rdad senast 24 timmar innan ditt bokade bes\u00f6k.Eventuella kostnadsfria erbjudanden faller under samma bokningsvillkor! OBS! Eventuella kostnadsfria erbjudanden faller under samma [&hellip;]<\/p>\n","protected":false},"author":6,"featured_media":269166,"parent":0,"menu_order":0,"comment_status":"closed","ping_status":"closed","template":"","meta":{"_et_pb_use_builder":"on","_et_pb_old_content":"","_et_gb_content_width":"","inline_featured_image":false,"footnotes":""},"class_list":["post-214","page","type-page","status-publish","has-post-thumbnail","hentry"],"_links":{"self":[{"href":"https:\/\/familydental.se\/en\/wp-json\/wp\/v2\/pages\/214","targetHints":{"allow":["GET"]}}],"collection":[{"href":"https:\/\/familydental.se\/en\/wp-json\/wp\/v2\/pages"}],"about":[{"href":"https:\/\/familydental.se\/en\/wp-json\/wp\/v2\/types\/page"}],"author":[{"embeddable":true,"href":"https:\/\/familydental.se\/en\/wp-json\/wp\/v2\/users\/6"}],"replies":[{"embeddable":true,"href":"https:\/\/familydental.se\/en\/wp-json\/wp\/v2\/comments?post=214"}],"version-history":[{"count":0,"href":"https:\/\/familydental.se\/en\/wp-json\/wp\/v2\/pages\/214\/revisions"}],"wp:featuredmedia":[{"embeddable":true,"href":"https:\/\/familydental.se\/en\/wp-json\/wp\/v2\/media\/269166"}],"wp:attachment":[{"href":"https:\/\/familydental.se\/en\/wp-json\/wp\/v2\/media?parent=214"}],"curies":[{"name":"wp","href":"https:\/\/api.w.org\/{rel}","templated":true}]}}