{"id":179,"date":"2022-10-20T01:31:30","date_gmt":"2022-10-19T23:31:30","guid":{"rendered":"https:\/\/familydental.se\/?page_id=179"},"modified":"2024-11-27T13:18:28","modified_gmt":"2024-11-27T12:18:28","slug":"kungsholmen-clinic","status":"publish","type":"page","link":"https:\/\/familydental.se\/en\/klinik-kungsholmen\/","title":{"rendered":"Kungsholmen"},"content":{"rendered":"<p>[et_pb_section fb_built=&#8221;1&#8243; padding_top_bottom_link_2=&#8221;false&#8221; padding_left_right_link_2=&#8221;false&#8221; module_class=&#8221;arman-opm&#8221; _builder_version=&#8221;4.27.3&#8243; _module_preset=&#8221;default&#8221; background_color=&#8221;#F7F7F7&#8243; background_image=&#8221;https:\/\/familydental.se\/wp-content\/uploads\/2023\/03\/family-bg-vit-1.jpg&#8221; background_size=&#8221;custom&#8221; background_position=&#8221;bottom_center&#8221; background_vertical_offset=&#8221;-34%&#8221; background_blend=&#8221;multiply&#8221; z_index=&#8221;60&#8243; max_height_tablet=&#8221;&#8221; max_height_phone=&#8221;&#8221; max_height_last_edited=&#8221;on|phone&#8221; custom_margin=&#8221;||||false|false&#8221; custom_padding=&#8221;||||false|false&#8221; top_divider_color=&#8221;#0746b5&#8243; top_divider_height=&#8221;35px&#8221; top_divider_flip=&#8221;horizontal|vertical&#8221; bottom_divider_color=&#8221;#1e3a96&#8243; bottom_divider_height=&#8221;35px&#8221; background_last_edited=&#8221;on|phone&#8221; background_image_height_tablet=&#8221;50%&#8221; background_image_height_phone=&#8221;40%&#8221; background_position_tablet=&#8221;top_center&#8221; background_position_phone=&#8221;top_center&#8221; background_vertical_offset_tablet=&#8221;-50%&#8221; background_vertical_offset_phone=&#8221;-34%&#8221; locked=&#8221;off&#8221; global_colors_info=&#8221;{%22gcid-95b66844-0252-4e7a-a3c6-3fa6293c75c9%22:%91%22background_color_gradient_stops%22,%22background_color_gradient_stops%22%93,%22gcid-1cb445ac-eff0-4c88-9dac-c43ad86565ed%22:%91%22background_color_gradient_stops%22,%22background_color_gradient_stops%22%93,%22gcid-7983a427-d7f2-4055-b900-81b3e6cd54fc%22:%91%22background_color_gradient_stops%22,%22background_color_gradient_stops%22%93,%22gcid-d1cd8bbf-7e6e-4d81-9371-233963640aa0%22:%91%22background_color_gradient_stops%22,%22background_color_gradient_stops%22%93}&#8221;][et_pb_row column_structure=&#8221;3_5,2_5&#8243; make_equal=&#8221;on&#8221; _builder_version=&#8221;4.27.3&#8243; _module_preset=&#8221;default&#8221; custom_margin=&#8221;0px||0px||false|false&#8221; custom_padding=&#8221;0px||0px||false|false&#8221; global_colors_info=&#8221;{}&#8221;][et_pb_column type=&#8221;3_5&#8243; _builder_version=&#8221;4.27.3&#8243; _module_preset=&#8221;default&#8221; custom_padding=&#8221;20px||20px||false|false&#8221; custom_css_main_element=&#8221;align-self: flex-end;&#8221; global_colors_info=&#8221;{}&#8221;][et_pb_text _builder_version=&#8221;4.27.4&#8243; _module_preset=&#8221;default&#8221; header_font=&#8221;|||on|||||&#8221; header_font_size=&#8221;50px&#8221; header_line_height=&#8221;1.2em&#8221; header_2_font=&#8221;|||on|||||&#8221; header_2_text_color=&#8221;#000000&#8243; header_2_font_size=&#8221;50px&#8221; header_2_line_height=&#8221;1.2em&#8221; hover_enabled=&#8221;0&#8243; header_font_size_tablet=&#8221;&#8221; header_font_size_phone=&#8221;28px&#8221; header_font_size_last_edited=&#8221;on|phone&#8221; header_2_font_size_tablet=&#8221;50px&#8221; header_2_font_size_phone=&#8221;28px&#8221; header_2_font_size_last_edited=&#8221;on|phone&#8221; custom_css_free_form=&#8221;selector h1 span{||  color: #0c71c3;||  text-decoration: underline;||  text-decoration-color: #00a2e5;||  font-size: 65px;||}||@media all and (max-width: 767px) {||selector h1 span {||font-size: 30px;||}||}||selector ul {||  list-style: none; ||  padding-left: 0;||  font-weight: bold;||}||||selector ul li {||  position: relative; ||  padding-left: 25px; ||}||||selector ul li::before {||\tfont-family: &#8217;ETMODULES&#8217;;||  content: &#8217;%92e052&#8217;;||  position: absolute;||  left: 0;||  color: #22cb29; ||  font-weight: bold;||  font-size: 18px; ||}&#8221; locked=&#8221;off&#8221; global_colors_info=&#8221;{}&#8221; sticky_enabled=&#8221;0&#8243;]<\/p>\n<h1>Specialistkliniken<br \/>\n<span>Kungsholmen <\/span><\/h1>\n<p>Family Dental Care \u00e4r en v\u00e4nlig och prisv\u00e4rd tandv\u00e5rdsklinik i ditt n\u00e4romr\u00e5de. Vi f\u00e5r dig att k\u00e4nna dig trygg, oavsett om det \u00e4r ditt f\u00f6rsta bes\u00f6k eller inte. Kontakta oss vid fr\u00e5gor!<\/p>\n<ul style=\"margin-top: 20px;\">\n<li>Prisv\u00e4rd tandv\u00e5rd f\u00f6r hela familjen.<\/li>\n<li>Bekv\u00e4m och avkopplande atmosf\u00e4r.<\/li>\n<li>Erfaren personal som \u00e4r h\u00e4r f\u00f6r att hj\u00e4lpa dig.<\/li>\n<\/ul>\n<p>[\/et_pb_text][\/et_pb_column][et_pb_column type=&#8221;2_5&#8243; _builder_version=&#8221;4.20.1&#8243; _module_preset=&#8221;default&#8221; custom_padding=&#8221;20px||20px||false|false&#8221; global_colors_info=&#8221;{}&#8221;][et_pb_code _builder_version=&#8221;4.27.4&#8243; _module_preset=&#8221;default&#8221; max_width=&#8221;300px&#8221; module_alignment=&#8221;right&#8221; custom_margin=&#8221;||||false|false&#8221; custom_margin_tablet=&#8221;201px||||false|false&#8221; custom_margin_phone=&#8221;3px||||false|false&#8221; custom_margin_last_edited=&#8221;off|desktop&#8221; custom_padding=&#8221;||||false|false&#8221; module_alignment_tablet=&#8221;center&#8221; module_alignment_phone=&#8221;center&#8221; module_alignment_last_edited=&#8221;on|tablet&#8221; border_radii=&#8221;on|15px|15px|15px|15px&#8221; border_width_all=&#8221;1px&#8221; border_color_all=&#8221;#e9e9e9&#8243; global_module=&#8221;269790&#8243; saved_tabs=&#8221;all&#8221; global_colors_info=&#8221;{}&#8221;][trustindex no-registration=google][\/et_pb_code][\/et_pb_column][\/et_pb_row][et_pb_row column_structure=&#8221;2_3,1_3&#8243; _builder_version=&#8221;4.27.3&#8243; _module_preset=&#8221;default&#8221; global_colors_info=&#8221;{}&#8221;][et_pb_column type=&#8221;2_3&#8243; module_class=&#8221;opm-botton&#8221; _builder_version=&#8221;4.27.3&#8243; _module_preset=&#8221;default&#8221; custom_css_free_form=&#8221;.opm-botton {||display: flex;||flex-wrap: wrap;||gap: 15px;||}&#8221; global_colors_info=&#8221;{}&#8221;][et_pb_button button_url=&#8221;@ET-DC@eyJkeW5hbWljIjp0cnVlLCJjb250ZW50IjoicG9zdF9saW5rX3VybF9wYWdlIiwic2V0dGluZ3MiOnsicG9zdF9pZCI6IjE3MCJ9fQ==@&#8221; button_text=&#8221;Kontakta oss&#8221; _builder_version=&#8221;4.27.3&#8243; _dynamic_attributes=&#8221;button_url&#8221; _module_preset=&#8221;default&#8221; custom_button=&#8221;on&#8221; button_text_size=&#8221;16px&#8221; button_text_color=&#8221;#0C71C3&#8243; button_bg_color=&#8221;RGBA(255,255,255,0)&#8221; button_border_width=&#8221;2px&#8221; button_border_radius=&#8221;50px&#8221; button_font=&#8221;|&#8211;et_global_body_font_weight|||||||&#8221; button_icon=&#8221;&#xf245;||fa||900&#8243; button_icon_placement=&#8221;left&#8221; button_on_hover=&#8221;off&#8221; custom_margin=&#8221;||0px||false|false&#8221; custom_padding=&#8221;|20px||40px|false|false&#8221; hover_enabled=&#8221;0&#8243; custom_css_main_element=&#8221;min-width: 45%;&#8221; global_colors_info=&#8221;{}&#8221; button_bg_color__hover_enabled=&#8221;on|desktop&#8221; button_bg_color__hover=&#8221;#0C71C3&#8243; button_bg_enable_color__hover=&#8221;on&#8221; button_text_color__hover_enabled=&#8221;on|hover&#8221; button_text_color__hover=&#8221;#FFFFFF&#8221; sticky_enabled=&#8221;0&#8243;][\/et_pb_button][et_pb_button button_url=&#8221;tel:+468305035&#8243; button_text=&#8221;Ring oss&#8221; _builder_version=&#8221;4.27.4&#8243; _module_preset=&#8221;default&#8221; custom_button=&#8221;on&#8221; button_text_size=&#8221;16px&#8221; button_text_color=&#8221;#0C71C3&#8243; button_bg_color=&#8221;RGBA(255,255,255,0)&#8221; button_border_width=&#8221;2px&#8221; button_border_radius=&#8221;50px&#8221; button_font=&#8221;|&#8211;et_global_body_font_weight|||||||&#8221; button_icon=&#8221;&#xe090;||divi||400&#8243; button_icon_placement=&#8221;left&#8221; button_on_hover=&#8221;off&#8221; custom_margin=&#8221;||0px||false|false&#8221; custom_padding=&#8221;|20px||40px|false|false&#8221; custom_css_main_element=&#8221;min-width: 45%;&#8221; global_colors_info=&#8221;{}&#8221; button_bg_color__hover=&#8221;#0C71C3&#8243; button_bg_color__hover_enabled=&#8221;on|desktop&#8221; button_text_color__hover=&#8221;#FFFFFF&#8221; button_text_color__hover_enabled=&#8221;on|hover&#8221;][\/et_pb_button][\/et_pb_column][et_pb_column type=&#8221;1_3&#8243; _builder_version=&#8221;4.27.3&#8243; _module_preset=&#8221;default&#8221; global_colors_info=&#8221;{}&#8221;][\/et_pb_column][\/et_pb_row][\/et_pb_section][et_pb_section fb_built=&#8221;1&#8243; _builder_version=&#8221;4.27.2&#8243; _module_preset=&#8221;default&#8221; global_colors_info=&#8221;{}&#8221; global_module=&#8221;273979&#8243; theme_builder_area=&#8221;post_content&#8221;][et_pb_row column_structure=&#8221;1_4,1_4,1_4,1_4&#8243; use_custom_gutter=&#8221;on&#8221; gutter_width=&#8221;2&#8243; make_equal=&#8221;on&#8221; _builder_version=&#8221;4.27.2&#8243; _module_preset=&#8221;default&#8221; locked=&#8221;off&#8221; global_colors_info=&#8221;{}&#8221; theme_builder_area=&#8221;post_content&#8221;][et_pb_column type=&#8221;1_4&#8243; _builder_version=&#8221;4.27.2&#8243; _module_preset=&#8221;default&#8221; background_enable_color=&#8221;off&#8221; custom_padding=&#8221;||||false|false&#8221; global_colors_info=&#8221;{}&#8221; theme_builder_area=&#8221;post_content&#8221;][et_pb_image src=&#8221;https:\/\/familydental.se\/wp-content\/uploads\/2023\/04\/Sparapengar.gif&#8221; alt=&#8221;Sparapengar&#8221; title_text=&#8221;Sparapengar&#8221; _builder_version=&#8221;4.27.2&#8243; _module_preset=&#8221;default&#8221; width=&#8221;50px&#8221; width_tablet=&#8221;50px&#8221; width_phone=&#8221;49px&#8221; width_last_edited=&#8221;on|tablet&#8221; module_alignment=&#8221;left&#8221; hover_enabled=&#8221;0&#8243; global_colors_info=&#8221;{}&#8221; theme_builder_area=&#8221;post_content&#8221; sticky_enabled=&#8221;0&#8243;][\/et_pb_image][et_pb_text _builder_version=&#8221;4.27.2&#8243; _module_preset=&#8221;default&#8221; header_3_line_height=&#8221;1.2em&#8221; hover_enabled=&#8221;0&#8243; global_colors_info=&#8221;{}&#8221; theme_builder_area=&#8221;post_content&#8221; sticky_enabled=&#8221;0&#8243;]<\/p>\n<h3>Delbetala fast pris i m\u00e5naden och r\u00e4ntefritt<\/h3>\n<p>[\/et_pb_text][\/et_pb_column][et_pb_column type=&#8221;1_4&#8243; _builder_version=&#8221;4.27.2&#8243; _module_preset=&#8221;default&#8221; background_enable_color=&#8221;off&#8221; custom_padding=&#8221;||||false|false&#8221; global_colors_info=&#8221;{}&#8221; theme_builder_area=&#8221;post_content&#8221;][et_pb_image src=&#8221;https:\/\/familydental.se\/wp-content\/uploads\/2023\/04\/Team-tandvard.gif&#8221; alt=&#8221;Team tandvard&#8221; title_text=&#8221;Team tandvard&#8221; _builder_version=&#8221;4.27.2&#8243; _module_preset=&#8221;default&#8221; width=&#8221;50px&#8221; width_tablet=&#8221;50px&#8221; width_phone=&#8221;49px&#8221; width_last_edited=&#8221;on|tablet&#8221; module_alignment=&#8221;left&#8221; locked=&#8221;off&#8221; global_colors_info=&#8221;{}&#8221; theme_builder_area=&#8221;post_content&#8221;][\/et_pb_image][et_pb_text _builder_version=&#8221;4.27.2&#8243; _module_preset=&#8221;default&#8221; header_3_line_height=&#8221;1.2em&#8221; locked=&#8221;off&#8221; global_colors_info=&#8221;{}&#8221; theme_builder_area=&#8221;post_content&#8221;]<\/p>\n<h3>Kvalitativ tandv\u00e5rd till r\u00e4tt pris p\u00e5 Kungsholmen.<\/h3>\n<p>[\/et_pb_text][\/et_pb_column][et_pb_column type=&#8221;1_4&#8243; _builder_version=&#8221;4.27.2&#8243; _module_preset=&#8221;default&#8221; background_enable_color=&#8221;off&#8221; custom_padding=&#8221;||||false|false&#8221; global_colors_info=&#8221;{}&#8221; theme_builder_area=&#8221;post_content&#8221;][et_pb_image src=&#8221;https:\/\/familydental.se\/wp-content\/uploads\/2023\/04\/24-7online.gif&#8221; alt=&#8221;24 7online&#8221; title_text=&#8221;24 7online&#8221; _builder_version=&#8221;4.27.2&#8243; _module_preset=&#8221;default&#8221; width=&#8221;50px&#8221; width_tablet=&#8221;50px&#8221; width_phone=&#8221;49px&#8221; width_last_edited=&#8221;on|tablet&#8221; module_alignment=&#8221;left&#8221; locked=&#8221;off&#8221; global_colors_info=&#8221;{}&#8221; theme_builder_area=&#8221;post_content&#8221;][\/et_pb_image][et_pb_text _builder_version=&#8221;4.27.2&#8243; _module_preset=&#8221;default&#8221; header_3_line_height=&#8221;1.2em&#8221; locked=&#8221;off&#8221; global_colors_info=&#8221;{}&#8221; theme_builder_area=&#8221;post_content&#8221;]<\/p>\n<h3>Akuttid samma dag f\u00f6r att kunna hj\u00e4lpa dig direkt.<\/h3>\n<p>[\/et_pb_text][\/et_pb_column][et_pb_column type=&#8221;1_4&#8243; _builder_version=&#8221;4.27.2&#8243; _module_preset=&#8221;default&#8221; background_enable_color=&#8221;off&#8221; custom_padding=&#8221;||||false|false&#8221; global_colors_info=&#8221;{}&#8221; theme_builder_area=&#8221;post_content&#8221;][et_pb_image src=&#8221;https:\/\/familydental.se\/wp-content\/uploads\/2023\/04\/24-7online.gif&#8221; alt=&#8221;24 7online&#8221; title_text=&#8221;24 7online&#8221; _builder_version=&#8221;4.27.2&#8243; _module_preset=&#8221;default&#8221; width=&#8221;50px&#8221; width_tablet=&#8221;50px&#8221; width_phone=&#8221;49px&#8221; width_last_edited=&#8221;on|tablet&#8221; module_alignment=&#8221;left&#8221; locked=&#8221;off&#8221; global_colors_info=&#8221;{}&#8221; theme_builder_area=&#8221;post_content&#8221;][\/et_pb_image][et_pb_text _builder_version=&#8221;4.27.2&#8243; _module_preset=&#8221;default&#8221; header_3_line_height=&#8221;1.2em&#8221; locked=&#8221;off&#8221; global_colors_info=&#8221;{}&#8221; theme_builder_area=&#8221;post_content&#8221;]<\/p>\n<h3>V\u00e4lutbildad personal med bred kompetens.<\/h3>\n<p>[\/et_pb_text][\/et_pb_column][\/et_pb_row][\/et_pb_section][et_pb_section fb_built=&#8221;1&#8243; theme_builder_area=&#8221;post_content&#8221; _builder_version=&#8221;4.27.4&#8243; _module_preset=&#8221;default&#8221;][et_pb_row _builder_version=&#8221;4.27.4&#8243; _module_preset=&#8221;default&#8221; theme_builder_area=&#8221;post_content&#8221;][et_pb_column _builder_version=&#8221;4.27.4&#8243; _module_preset=&#8221;default&#8221; type=&#8221;4_4&#8243; theme_builder_area=&#8221;post_content&#8221;][et_pb_text _builder_version=&#8221;4.27.4&#8243; _module_preset=&#8221;default&#8221; theme_builder_area=&#8221;post_content&#8221; header_2_text_align=&#8221;center&#8221; header_2_font_size=&#8221;40px&#8221; hover_enabled=&#8221;0&#8243; sticky_enabled=&#8221;0&#8243; header_3_text_color=&#8221;#0082C5&#8243; header_3_text_align=&#8221;center&#8221;]<\/p>\n<h2>Hur Kan Vi Hj\u00e4lpa Dig?<\/h2>\n<h3>V\u00e4lkommen till Family Dental Care Specialistkliniken!<\/h3>\n<p>V\u00e5rt nyaste tillskott i familjen. Vi erbjuder akut-, allm\u00e4n- och specialisttandv\u00e5rd.<br \/>Tandl\u00e4karna p\u00e5 v\u00e5r klinik har l\u00e5ng erfarenhet av tandv\u00e5rdsr\u00e4dda och vi s\u00e4tter alltid dig som patient i fokus. Vi skr\u00e4ddarsyr din personliga behandling och ger alltid ut kostnadsf\u00f6rslag.<\/p>\n<p>[\/et_pb_text][\/et_pb_column][\/et_pb_row][\/et_pb_section][et_pb_section fb_built=&#8221;1&#8243; _builder_version=&#8221;4.18.0&#8243; _module_preset=&#8221;default&#8221; background_enable_image=&#8221;off&#8221; background_size=&#8221;initial&#8221; background_position=&#8221;top_center&#8221; module_alignment=&#8221;center&#8221; custom_margin=&#8221;1px||1px||true|false&#8221; custom_padding=&#8221;46px||23px||false|true&#8221; global_colors_info=&#8221;{}&#8221; locked=&#8221;off&#8221; theme_builder_area=&#8221;post_content&#8221;][et_pb_row column_structure=&#8221;1_2,1_2&#8243; _builder_version=&#8221;4.18.0&#8243; _module_preset=&#8221;default&#8221; custom_padding=&#8221;1px||5px|||&#8221; global_colors_info=&#8221;{}&#8221; theme_builder_area=&#8221;post_content&#8221;][et_pb_column type=&#8221;1_2&#8243; _builder_version=&#8221;4.16&#8243; _module_preset=&#8221;default&#8221; global_colors_info=&#8221;{}&#8221; theme_builder_area=&#8221;post_content&#8221;][et_pb_text _builder_version=&#8221;4.27.4&#8243; _module_preset=&#8221;default&#8221; hover_enabled=&#8221;0&#8243; global_colors_info=&#8221;{}&#8221; theme_builder_area=&#8221;post_content&#8221; sticky_enabled=&#8221;0&#8243; header_3_text_color=&#8221;#0082C5&#8243;]<\/p>\n<h2>Stort utbud av behandlingar<\/h2>\n<h3>B\u00e4sta tandv\u00e5rd med kvalitet till r\u00e4tt pris!<\/h3>\n<p>Oavsett om det handlar om allm\u00e4n tandv\u00e5rd eller mer specialiserade behandlingar forts\u00e4tter v\u00e5ra tandl\u00e4kare att leverera samma h\u00f6ga niv\u00e5 av expertis. H\u00e4r hittar du en tydlig beskrivning av hur den specifika behandlingen utf\u00f6rs, samt instruktioner om hur du ska f\u00f6rbereda dig och vad du ska t\u00e4nka p\u00e5 efter behandlingen.[\/et_pb_text][\/et_pb_column][et_pb_column type=&#8221;1_2&#8243; _builder_version=&#8221;4.16&#8243; _module_preset=&#8221;default&#8221; global_colors_info=&#8221;{}&#8221; theme_builder_area=&#8221;post_content&#8221;][et_pb_text _builder_version=&#8221;4.27.4&#8243; _module_preset=&#8221;default&#8221; hover_enabled=&#8221;0&#8243; global_colors_info=&#8221;{}&#8221; theme_builder_area=&#8221;post_content&#8221; sticky_enabled=&#8221;0&#8243; header_3_text_color=&#8221;#0082C5&#8243;]<\/p>\n<h2>Trygg tandv\u00e5rd i Stockholm<\/h2>\n<h3>V\u00e5rt allra viktigaste m\u00e5l \u00e4r n\u00f6jda patienter.<\/h3>\n<p>Genom att st\u00e4ndigt f\u00f6rb\u00e4ttra v\u00e5ra f\u00e4rdigheter och v\u00e5r utbildning kan vi uppn\u00e5 v\u00e5rt fr\u00e4msta m\u00e5l: patienttillfredsst\u00e4llelse. Dessutom str\u00e4var vi efter att f\u00e5 dig att k\u00e4nna dig bekv\u00e4m genom att ge fullst\u00e4ndig information och st\u00f6d f\u00f6re, under och efter varje behandling &#8211; oavsett om det \u00e4r ett komplicerat ingrepp som tandimplantat eller n\u00e5got enklare som tandreng\u00f6ring.[\/et_pb_text][\/et_pb_column][\/et_pb_row][\/et_pb_section][et_pb_section fb_built=&#8221;1&#8243; _builder_version=&#8221;4.27.4&#8243; _module_preset=&#8221;default&#8221; locked=&#8221;off&#8221; global_colors_info=&#8221;{}&#8221; theme_builder_area=&#8221;post_content&#8221;][et_pb_row _builder_version=&#8221;4.27.3&#8243; _module_preset=&#8221;default&#8221; global_colors_info=&#8221;{}&#8221; theme_builder_area=&#8221;post_content&#8221;][et_pb_column type=&#8221;4_4&#8243; _builder_version=&#8221;4.27.3&#8243; _module_preset=&#8221;default&#8221; global_colors_info=&#8221;{}&#8221; theme_builder_area=&#8221;post_content&#8221;][et_pb_text _builder_version=&#8221;4.27.4&#8243; _module_preset=&#8221;default&#8221; header_2_font_size=&#8221;40px&#8221; header_3_font=&#8221;|600|||||||&#8221; header_3_text_color=&#8221;#0C71C3&#8243; width_phone=&#8221;100%&#8221; width_last_edited=&#8221;off|desktop&#8221; custom_margin=&#8221;||||false|false&#8221; custom_padding=&#8221;||||false|false&#8221; hover_enabled=&#8221;0&#8243; text_font_tablet=&#8221;Montserrat||||||||&#8221; text_font_phone=&#8221;Default||||||||&#8221; text_font_last_edited=&#8221;off|desktop&#8221; text_font_size_phone=&#8221;14px&#8221; text_font_size_last_edited=&#8221;off|desktop&#8221; text_line_height_phone=&#8221;1.7em&#8221; text_line_height_last_edited=&#8221;off|desktop&#8221; locked=&#8221;off&#8221; global_colors_info=&#8221;{}&#8221; text_font_size__hover_enabled=&#8221;off|desktop&#8221; theme_builder_area=&#8221;post_content&#8221; sticky_enabled=&#8221;0&#8243;]<\/p>\n<h2>V\u00e5r specialistklinik p\u00e5 Kungsholmen<\/h2>\n<p>P\u00e5 v\u00e5ra kliniker f\u00e5r du h\u00f6gkvalitativ tandv\u00e5rd av n\u00e5gra av de mest erfarna och p\u00e5litliga yrkesm\u00e4nnen i Stockholm. Vi anv\u00e4nder endast avancerad teknik och teknologi f\u00f6r att se till att du alltid f\u00e5r b\u00e4sta m\u00f6jliga v\u00e5rd.<\/p>\n<p>L\u00e4s mera om v\u00e5ra tj\u00e4nster nedan. Alla behandlingar utf\u00f6rs av legitimerade tandl\u00e4kare och hygienister.[\/et_pb_text][\/et_pb_column][\/et_pb_row][\/et_pb_section]<\/p>\n","protected":false},"excerpt":{"rendered":"<p>Specialistkliniken Kungsholmen Family Dental Care \u00e4r en v\u00e4nlig och prisv\u00e4rd tandv\u00e5rdsklinik i ditt n\u00e4romr\u00e5de. Vi f\u00e5r dig att k\u00e4nna dig trygg, oavsett om det \u00e4r ditt f\u00f6rsta bes\u00f6k eller inte. Kontakta oss vid fr\u00e5gor! Prisv\u00e4rd tandv\u00e5rd f\u00f6r hela familjen. Bekv\u00e4m och avkopplande atmosf\u00e4r. Erfaren personal som \u00e4r h\u00e4r f\u00f6r att hj\u00e4lpa dig. [trustindex no-registration=google]Delbetala fast pris i m\u00e5naden och r\u00e4ntefrittKvalitativ tandv\u00e5rd till r\u00e4tt pris p\u00e5 Kungsholmen.Akuttid samma dag f\u00f6r att kunna hj\u00e4lpa dig direkt.V\u00e4lutbildad personal med bred kompetens.Hur Kan Vi Hj\u00e4lpa Dig? V\u00e4lkommen till Family Dental Care Specialistkliniken! V\u00e5rt nyaste tillskott i familjen. Vi erbjuder akut-, allm\u00e4n- och specialisttandv\u00e5rd.Tandl\u00e4karna p\u00e5 v\u00e5r klinik har l\u00e5ng erfarenhet av tandv\u00e5rdsr\u00e4dda och vi s\u00e4tter alltid dig som patient i fokus. Vi skr\u00e4ddarsyr din personliga behandling och ger alltid ut kostnadsf\u00f6rslag.Stort utbud av behandlingar B\u00e4sta tandv\u00e5rd med kvalitet till r\u00e4tt pris! Oavsett om det handlar om allm\u00e4n tandv\u00e5rd eller mer specialiserade behandlingar forts\u00e4tter v\u00e5ra tandl\u00e4kare att leverera samma h\u00f6ga niv\u00e5 av expertis. H\u00e4r hittar du en tydlig beskrivning av hur den specifika behandlingen utf\u00f6rs, samt instruktioner om hur du ska f\u00f6rbereda dig och vad du ska t\u00e4nka p\u00e5 efter behandlingen.Trygg tandv\u00e5rd i Stockholm V\u00e5rt allra viktigaste m\u00e5l \u00e4r n\u00f6jda patienter. Genom att st\u00e4ndigt f\u00f6rb\u00e4ttra v\u00e5ra [&hellip;]<\/p>\n","protected":false},"author":6,"featured_media":269476,"parent":0,"menu_order":0,"comment_status":"closed","ping_status":"closed","template":"","meta":{"_et_pb_use_builder":"on","_et_pb_old_content":"","_et_gb_content_width":"","inline_featured_image":false,"footnotes":""},"class_list":["post-179","page","type-page","status-publish","has-post-thumbnail","hentry"],"_links":{"self":[{"href":"https:\/\/familydental.se\/en\/wp-json\/wp\/v2\/pages\/179","targetHints":{"allow":["GET"]}}],"collection":[{"href":"https:\/\/familydental.se\/en\/wp-json\/wp\/v2\/pages"}],"about":[{"href":"https:\/\/familydental.se\/en\/wp-json\/wp\/v2\/types\/page"}],"author":[{"embeddable":true,"href":"https:\/\/familydental.se\/en\/wp-json\/wp\/v2\/users\/6"}],"replies":[{"embeddable":true,"href":"https:\/\/familydental.se\/en\/wp-json\/wp\/v2\/comments?post=179"}],"version-history":[{"count":0,"href":"https:\/\/familydental.se\/en\/wp-json\/wp\/v2\/pages\/179\/revisions"}],"wp:featuredmedia":[{"embeddable":true,"href":"https:\/\/familydental.se\/en\/wp-json\/wp\/v2\/media\/269476"}],"wp:attachment":[{"href":"https:\/\/familydental.se\/en\/wp-json\/wp\/v2\/media?parent=179"}],"curies":[{"name":"wp","href":"https:\/\/api.w.org\/{rel}","templated":true}]}}