{"id":166,"date":"2022-10-20T01:19:34","date_gmt":"2022-10-19T23:19:34","guid":{"rendered":"https:\/\/familydental.se\/?page_id=166"},"modified":"2026-04-06T14:21:34","modified_gmt":"2026-04-06T12:21:34","slug":"guaranteed","status":"publish","type":"page","link":"https:\/\/familydental.se\/en\/garanti\/","title":{"rendered":"Guarantee"},"content":{"rendered":"<p>[et_pb_section fb_built=&#8221;1&#8243; padding_top_bottom_link_2=&#8221;false&#8221; padding_left_right_link_2=&#8221;false&#8221; module_class=&#8221;arman-opm&#8221; _builder_version=&#8221;4.27.3&#8243; _module_preset=&#8221;default&#8221; background_color=&#8221;#F7F7F7&#8243; background_image=&#8221;https:\/\/familydental.se\/wp-content\/uploads\/2023\/03\/family-bg-vit-1.jpg&#8221; background_size=&#8221;custom&#8221; background_position=&#8221;bottom_center&#8221; background_vertical_offset=&#8221;-34%&#8221; background_blend=&#8221;multiply&#8221; z_index=&#8221;60&#8243; max_height_tablet=&#8221;&#8221; max_height_phone=&#8221;&#8221; max_height_last_edited=&#8221;on|phone&#8221; custom_margin=&#8221;||||false|false&#8221; custom_padding=&#8221;||||false|false&#8221; top_divider_color=&#8221;#0746b5&#8243; top_divider_height=&#8221;35px&#8221; top_divider_flip=&#8221;horizontal|vertical&#8221; bottom_divider_color=&#8221;#1e3a96&#8243; bottom_divider_height=&#8221;35px&#8221; background_last_edited=&#8221;on|phone&#8221; background_image_height_tablet=&#8221;50%&#8221; background_image_height_phone=&#8221;40%&#8221; background_position_tablet=&#8221;top_center&#8221; background_position_phone=&#8221;top_center&#8221; background_vertical_offset_tablet=&#8221;-50%&#8221; background_vertical_offset_phone=&#8221;-34%&#8221; locked=&#8221;off&#8221; global_colors_info=&#8221;{%22gcid-95b66844-0252-4e7a-a3c6-3fa6293c75c9%22:%91%22background_color_gradient_stops%22,%22background_color_gradient_stops%22%93,%22gcid-1cb445ac-eff0-4c88-9dac-c43ad86565ed%22:%91%22background_color_gradient_stops%22,%22background_color_gradient_stops%22%93,%22gcid-7983a427-d7f2-4055-b900-81b3e6cd54fc%22:%91%22background_color_gradient_stops%22,%22background_color_gradient_stops%22%93,%22gcid-d1cd8bbf-7e6e-4d81-9371-233963640aa0%22:%91%22background_color_gradient_stops%22,%22background_color_gradient_stops%22%93}&#8221;][et_pb_row column_structure=&#8221;3_5,2_5&#8243; make_equal=&#8221;on&#8221; _builder_version=&#8221;4.27.3&#8243; _module_preset=&#8221;default&#8221; custom_margin=&#8221;0px||0px||false|false&#8221; custom_padding=&#8221;0px||0px||false|false&#8221; global_colors_info=&#8221;{}&#8221;][et_pb_column type=&#8221;3_5&#8243; _builder_version=&#8221;4.27.3&#8243; _module_preset=&#8221;default&#8221; custom_padding=&#8221;20px||20px||false|false&#8221; custom_css_main_element=&#8221;align-self: flex-end;&#8221; global_colors_info=&#8221;{}&#8221;][et_pb_text _builder_version=&#8221;4.27.6&#8243; _module_preset=&#8221;default&#8221; header_2_font=&#8221;|||on|||||&#8221; header_2_text_color=&#8221;#000000&#8243; header_2_font_size=&#8221;50px&#8221; header_2_line_height=&#8221;1.2em&#8221; hover_enabled=&#8221;0&#8243; header_font_size_tablet=&#8221;&#8221; header_font_size_phone=&#8221;28px&#8221; header_font_size_last_edited=&#8221;on|phone&#8221; header_2_font_size_tablet=&#8221;50px&#8221; header_2_font_size_phone=&#8221;28px&#8221; header_2_font_size_last_edited=&#8221;on|phone&#8221; custom_css_free_form=&#8221;selector h2 span{||  color: #0c71c3;||  text-decoration: underline;||  text-decoration-color: #00a2e5;||  font-size: 50px;||}||@media all and (max-width: 767px) {||selector h2 span {||font-size: 30px;||}||}||selector ul {||  list-style: none; ||  padding-left: 0;||  font-weight: bold;||}||||selector ul li {||  position: relative; ||  padding-left: 25px; ||}||||selector ul li::before {||\tfont-family: &#8217;ETMODULES&#8217;;||  content: &#8217;%92e052&#8217;;||  position: absolute;||  left: 0;||  color: #22cb29; ||  font-weight: bold;||  font-size: 18px; ||}&#8221; locked=&#8221;off&#8221; global_colors_info=&#8221;{}&#8221; sticky_enabled=&#8221;0&#8243;]<\/p>\n<h1>L\u00c4S OM V\u00c5RA<\/h1>\n<h2><span>Garantier &amp; villkor<\/span><\/h2>\n<p>K\u00e4nns n\u00e5gonting fel efter din behandling? Lugn, vi tar hand om dig! Hos oss har du gener\u00f6sa garantier p\u00e5 din tandv\u00e5rd. Dina t\u00e4nder i v\u00e5ra h\u00e4nder, se nedan villkor[\/et_pb_text][\/et_pb_column][et_pb_column type=&#8221;2_5&#8243; _builder_version=&#8221;4.20.1&#8243; _module_preset=&#8221;default&#8221; custom_padding=&#8221;20px||20px||false|false&#8221; global_colors_info=&#8221;{}&#8221;][\/et_pb_column][\/et_pb_row][et_pb_row column_structure=&#8221;2_3,1_3&#8243; _builder_version=&#8221;4.27.3&#8243; _module_preset=&#8221;default&#8221; global_colors_info=&#8221;{}&#8221;][et_pb_column type=&#8221;2_3&#8243; module_class=&#8221;opm-botton&#8221; _builder_version=&#8221;4.27.3&#8243; _module_preset=&#8221;default&#8221; custom_css_free_form=&#8221;.opm-botton {||display: flex;||flex-wrap: wrap;||gap: 15px;||}&#8221; global_colors_info=&#8221;{}&#8221;][et_pb_button button_url=&#8221;@ET-DC@eyJkeW5hbWljIjp0cnVlLCJjb250ZW50IjoicG9zdF9saW5rX3VybF9wYWdlIiwic2V0dGluZ3MiOnsicG9zdF9pZCI6IjE3MCJ9fQ==@&#8221; button_text=&#8221;Kontakta oss&#8221; _builder_version=&#8221;4.27.3&#8243; _dynamic_attributes=&#8221;button_url&#8221; _module_preset=&#8221;default&#8221; custom_button=&#8221;on&#8221; button_text_size=&#8221;16px&#8221; button_text_color=&#8221;#0C71C3&#8243; button_bg_color=&#8221;RGBA(255,255,255,0)&#8221; button_border_width=&#8221;2px&#8221; button_border_radius=&#8221;50px&#8221; button_font=&#8221;|&#8211;et_global_body_font_weight|||||||&#8221; button_icon=&#8221;&#xf245;||fa||900&#8243; button_icon_placement=&#8221;left&#8221; button_on_hover=&#8221;off&#8221; custom_margin=&#8221;||0px||false|false&#8221; custom_padding=&#8221;|20px||40px|false|false&#8221; custom_css_main_element=&#8221;min-width: 45%;&#8221; global_colors_info=&#8221;{}&#8221; button_bg_color__hover_enabled=&#8221;on|desktop&#8221; button_bg_color__hover=&#8221;#0C71C3&#8243; button_bg_enable_color__hover=&#8221;on&#8221; button_text_color__hover_enabled=&#8221;on|hover&#8221; button_text_color__hover=&#8221;#FFFFFF&#8221;][\/et_pb_button][et_pb_button button_url=&#8221;tel:+468305035&#8243; button_text=&#8221;Ring oss&#8221; _builder_version=&#8221;4.27.4&#8243; _module_preset=&#8221;default&#8221; custom_button=&#8221;on&#8221; button_text_size=&#8221;16px&#8221; button_text_color=&#8221;#0C71C3&#8243; button_bg_color=&#8221;RGBA(255,255,255,0)&#8221; button_border_width=&#8221;2px&#8221; button_border_radius=&#8221;50px&#8221; button_font=&#8221;|&#8211;et_global_body_font_weight|||||||&#8221; button_icon=&#8221;&#xe090;||divi||400&#8243; button_icon_placement=&#8221;left&#8221; button_on_hover=&#8221;off&#8221; custom_margin=&#8221;||0px||false|false&#8221; custom_padding=&#8221;|20px||40px|false|false&#8221; custom_css_main_element=&#8221;min-width: 45%;&#8221; global_colors_info=&#8221;{}&#8221; button_bg_color__hover=&#8221;#0C71C3&#8243; button_bg_color__hover_enabled=&#8221;on|desktop&#8221; button_text_color__hover=&#8221;#FFFFFF&#8221; button_text_color__hover_enabled=&#8221;on|hover&#8221;][\/et_pb_button][et_pb_button button_url=&#8221;@ET-DC@eyJkeW5hbWljIjp0cnVlLCJjb250ZW50IjoicG9zdF9saW5rX3VybF9wYWdlIiwic2V0dGluZ3MiOnsicG9zdF9pZCI6IjIxMSJ9fQ==@&#8221; button_text=&#8221;V\u00e5ra priser&#8221; _builder_version=&#8221;4.27.4&#8243; _dynamic_attributes=&#8221;button_url&#8221; _module_preset=&#8221;default&#8221; custom_button=&#8221;on&#8221; button_text_size=&#8221;16px&#8221; button_text_color=&#8221;#0C71C3&#8243; button_bg_color=&#8221;RGBA(255,255,255,0)&#8221; button_border_width=&#8221;2px&#8221; button_border_radius=&#8221;50px&#8221; button_font=&#8221;|&#8211;et_global_body_font_weight|||||||&#8221; button_icon=&#8221;&#xf245;||fa||900&#8243; button_icon_placement=&#8221;left&#8221; button_on_hover=&#8221;off&#8221; custom_margin=&#8221;||0px||false|false&#8221; custom_padding=&#8221;|20px||40px|false|false&#8221; custom_css_main_element=&#8221;min-width: 45%;&#8221; global_colors_info=&#8221;{}&#8221; button_bg_color__hover=&#8221;#0C71C3&#8243; button_bg_color__hover_enabled=&#8221;on|desktop&#8221; button_text_color__hover=&#8221;#FFFFFF&#8221; button_text_color__hover_enabled=&#8221;on|hover&#8221;][\/et_pb_button][et_pb_button button_url=&#8221;\/av-ombokningsvillkor\/&#8221; button_text=&#8221;Bokningsvillkor&#8221; _builder_version=&#8221;4.27.4&#8243; _module_preset=&#8221;default&#8221; custom_button=&#8221;on&#8221; button_text_size=&#8221;16px&#8221; button_text_color=&#8221;#0C71C3&#8243; button_bg_color=&#8221;RGBA(255,255,255,0)&#8221; button_border_width=&#8221;2px&#8221; button_border_radius=&#8221;50px&#8221; button_font=&#8221;|&#8211;et_global_body_font_weight|||||||&#8221; button_icon=&#8221;&#xf245;||fa||900&#8243; button_icon_placement=&#8221;left&#8221; button_on_hover=&#8221;off&#8221; custom_margin=&#8221;||0px||false|false&#8221; custom_padding=&#8221;|20px||40px|false|false&#8221; custom_css_main_element=&#8221;min-width: 45%;&#8221; global_colors_info=&#8221;{}&#8221; button_bg_color__hover=&#8221;#0C71C3&#8243; button_bg_color__hover_enabled=&#8221;on|desktop&#8221; button_text_color__hover=&#8221;#FFFFFF&#8221; button_text_color__hover_enabled=&#8221;on|hover&#8221;][\/et_pb_button][\/et_pb_column][et_pb_column type=&#8221;1_3&#8243; _builder_version=&#8221;4.27.3&#8243; _module_preset=&#8221;default&#8221; global_colors_info=&#8221;{}&#8221;][\/et_pb_column][\/et_pb_row][\/et_pb_section][et_pb_section fb_built=&#8221;1&#8243; _builder_version=&#8221;4.27.4&#8243; _module_preset=&#8221;default&#8221; locked=&#8221;off&#8221; global_colors_info=&#8221;{}&#8221;][et_pb_row _builder_version=&#8221;4.27.3&#8243; _module_preset=&#8221;default&#8221; global_colors_info=&#8221;{}&#8221;][et_pb_column type=&#8221;4_4&#8243; _builder_version=&#8221;4.27.3&#8243; _module_preset=&#8221;default&#8221; global_colors_info=&#8221;{}&#8221;][et_pb_text _builder_version=&#8221;4.27.4&#8243; _module_preset=&#8221;default&#8221; header_2_font_size=&#8221;40px&#8221; header_3_font=&#8221;|600|||||||&#8221; header_3_text_color=&#8221;#0C71C3&#8243; width_phone=&#8221;100%&#8221; width_last_edited=&#8221;off|desktop&#8221; custom_margin=&#8221;||||false|false&#8221; custom_padding=&#8221;||||false|false&#8221; text_font_tablet=&#8221;Montserrat||||||||&#8221; text_font_phone=&#8221;Default||||||||&#8221; text_font_last_edited=&#8221;off|desktop&#8221; text_font_size_phone=&#8221;14px&#8221; text_font_size_last_edited=&#8221;off|desktop&#8221; text_line_height_phone=&#8221;1.7em&#8221; text_line_height_last_edited=&#8221;off|desktop&#8221; locked=&#8221;off&#8221; global_colors_info=&#8221;{}&#8221; text_font_size__hover_enabled=&#8221;off|desktop&#8221;]<\/p>\n<h2>Hos oss p\u00e5 Family Dental Care garanterar vi bra tandv\u00e5rd.<\/h2>\n<h3>N\u00e4r du genomf\u00f6r en tandbehandling hos oss g\u00e4ller f\u00f6ljande garantier och villkor.<\/h3>\n<p>[\/et_pb_text][\/et_pb_column][\/et_pb_row][\/et_pb_section][et_pb_section fb_built=&#8221;1&#8243; _builder_version=&#8221;4.27.4&#8243; _module_preset=&#8221;default&#8221; custom_padding=&#8221;0px||||false|false&#8221; global_colors_info=&#8221;{}&#8221;][et_pb_row make_equal=&#8221;on&#8221; _builder_version=&#8221;4.27.4&#8243; _module_preset=&#8221;default&#8221; locked=&#8221;off&#8221; global_colors_info=&#8221;{}&#8221;][et_pb_column type=&#8221;4_4&#8243; _builder_version=&#8221;4.27.2&#8243; _module_preset=&#8221;default&#8221; background_color=&#8221;#FFFFFF&#8221; custom_padding=&#8221;3%|3%|3%|3%|true|true&#8221; custom_padding_tablet=&#8221;3%|3%|3%|3%|true|true&#8221; custom_padding_phone=&#8221;10%|6%|10%|6%|true|true&#8221; custom_padding_last_edited=&#8221;on|phone&#8221; border_radii=&#8221;on|15px|15px|15px|15px&#8221; box_shadow_style=&#8221;preset1&#8243; box_shadow_vertical=&#8221;12px&#8221; box_shadow_blur=&#8221;48px&#8221; box_shadow_color=&#8221;#e9e9e9&#8243; global_colors_info=&#8221;{}&#8221;][et_pb_image src=&#8221;https:\/\/familydental.se\/wp-content\/uploads\/2023\/02\/garanti-tandvard.gif&#8221; alt=&#8221;garanti tandvard&#8221; title_text=&#8221;garanti tandvard&#8221; _builder_version=&#8221;4.27.4&#8243; _module_preset=&#8221;default&#8221; width=&#8221;50px&#8221; width_tablet=&#8221;50px&#8221; width_phone=&#8221;49px&#8221; width_last_edited=&#8221;on|tablet&#8221; module_alignment=&#8221;left&#8221; global_colors_info=&#8221;{}&#8221;][\/et_pb_image][et_pb_text module_class=&#8221;opm-list-check&#8221; _builder_version=&#8221;4.27.4&#8243; _module_preset=&#8221;default&#8221; global_colors_info=&#8221;{}&#8221;]<\/p>\n<h3>Villkor<\/h3>\n<ul>\n<li>Garantierna g\u00e4ller endast n\u00e4r behandlingen utf\u00f6rs av Family Dental Care.<\/li>\n<li>F\u00f6r att garantin ska g\u00e4lla beh\u00f6ver du komma till de unders\u00f6kningar och behandlingar som din tandl\u00e4kare eller tandhygienist bed\u00f6mer som n\u00f6dv\u00e4ndiga.<\/li>\n<li>Du m\u00e5ste bibeh\u00e5lla acceptabel niv\u00e5 avseende munhygieniska \u00e5tg\u00e4rder under hela garantitiden.<\/li>\n<li>Du m\u00e5ste kontakta din tandl\u00e4kare omg\u00e5ende om du uppt\u00e4cker att n\u00e5got inte k\u00e4nns bra efter genomf\u00f6rd behandling.<\/li>\n<li>Behandling skall vara betald i sin helhet f\u00f6r att garantin skall g\u00e4lla.<\/li>\n<li>Garantin g\u00e4ller inom ramen f\u00f6r den ursprungliga behandlingskostnaden och inte f\u00f6r tillkommande behandling.<\/li>\n<\/ul>\n<p>[\/et_pb_text][\/et_pb_column][\/et_pb_row][\/et_pb_section][et_pb_section fb_built=&#8221;1&#8243; _builder_version=&#8221;4.27.4&#8243; _module_preset=&#8221;default&#8221; custom_padding=&#8221;0px||||false|false&#8221; global_colors_info=&#8221;{}&#8221;][et_pb_row make_equal=&#8221;on&#8221; _builder_version=&#8221;4.27.4&#8243; _module_preset=&#8221;default&#8221; locked=&#8221;off&#8221; global_colors_info=&#8221;{}&#8221;][et_pb_column type=&#8221;4_4&#8243; _builder_version=&#8221;4.27.2&#8243; _module_preset=&#8221;default&#8221; background_color=&#8221;#FFFFFF&#8221; custom_padding=&#8221;3%|3%|3%|3%|true|true&#8221; custom_padding_tablet=&#8221;3%|3%|3%|3%|true|true&#8221; custom_padding_phone=&#8221;10%|6%|10%|6%|true|true&#8221; custom_padding_last_edited=&#8221;on|phone&#8221; border_radii=&#8221;on|15px|15px|15px|15px&#8221; box_shadow_style=&#8221;preset1&#8243; box_shadow_vertical=&#8221;12px&#8221; box_shadow_blur=&#8221;48px&#8221; box_shadow_color=&#8221;#e9e9e9&#8243; global_colors_info=&#8221;{}&#8221;][et_pb_image src=&#8221;https:\/\/familydental.se\/wp-content\/uploads\/2023\/02\/garanti-tandvard.gif&#8221; alt=&#8221;garanti tandvard&#8221; title_text=&#8221;garanti tandvard&#8221; _builder_version=&#8221;4.27.4&#8243; _module_preset=&#8221;default&#8221; width=&#8221;50px&#8221; width_tablet=&#8221;50px&#8221; width_phone=&#8221;49px&#8221; width_last_edited=&#8221;on|tablet&#8221; module_alignment=&#8221;left&#8221; global_colors_info=&#8221;{}&#8221;][\/et_pb_image][et_pb_text module_class=&#8221;opm-list-check&#8221; _builder_version=&#8221;4.27.4&#8243; _module_preset=&#8221;default&#8221; global_colors_info=&#8221;{}&#8221;]<\/p>\n<h3>Garanti<\/h3>\n<p><strong>Garantiperioden g\u00e4ller fr\u00e5n det f\u00f6rsta behandlingsdatumet och fram\u00e5t.<\/strong><\/p>\n<ul>\n<li><strong>Fyllning: 1 \u00e5r<\/strong><br \/>G\u00e4ller ej framtandsfyllningar. Endast frakturer, omfattar ej sekund\u00e4rkaries.<\/li>\n<li><strong>Bettskena: 1 \u00e5r<\/strong><br \/>Material eller produktfel.<\/li>\n<li><strong>Protes: 1 \u00e5r<\/strong><br \/>Material eller produktfel.<\/li>\n<li><strong>Krona\/bro: 3 \u00e5r<\/strong><br \/>Endast frakturer, omfattar ej sekund\u00e4rkaries.<\/li>\n<li><strong>Implantat: 3 \u00e5r<\/strong><br \/>Garanti g\u00e4ller ej f\u00f6r riskpatienter, s\u00e5som r\u00f6kare, gnisslare, diabetiker och andra underliggande sjukdomar.<\/li>\n<li><strong>Retainertr\u00e5d: 6 m\u00e5nader<\/strong><br \/>F\u00e4ste som lossnat.<\/li>\n<\/ul>\n<p>(Garantin t\u00e4cker sj\u00e4lva \u00e5tg\u00e4rden inom den ursprungliga behandlingskostnaden, men du debiteras bland annat f\u00f6r den akuttid som bokas och f\u00f6r eventuella r\u00f6ntgenbilder som kr\u00e4vs f\u00f6r att bed\u00f6ma eller \u00e5tg\u00e4rda garantiarbetet.)<\/p>\n<p>[\/et_pb_text][\/et_pb_column][\/et_pb_row][\/et_pb_section]<\/p>\n","protected":false},"excerpt":{"rendered":"<p>L\u00c4S OM V\u00c5RA Garantier &amp; villkor K\u00e4nns n\u00e5gonting fel efter din behandling? Lugn, vi tar hand om dig! Hos oss har du gener\u00f6sa garantier p\u00e5 din tandv\u00e5rd. Dina t\u00e4nder i v\u00e5ra h\u00e4nder, se nedan villkorHos oss p\u00e5 Family Dental Care garanterar vi bra tandv\u00e5rd. N\u00e4r du genomf\u00f6r en tandbehandling hos oss g\u00e4ller f\u00f6ljande garantier och villkor.Villkor Garantierna g\u00e4ller endast n\u00e4r behandlingen utf\u00f6rs av Family Dental Care. F\u00f6r att garantin ska g\u00e4lla beh\u00f6ver du komma till de unders\u00f6kningar och behandlingar som din tandl\u00e4kare eller tandhygienist bed\u00f6mer som n\u00f6dv\u00e4ndiga. Du m\u00e5ste bibeh\u00e5lla acceptabel niv\u00e5 avseende munhygieniska \u00e5tg\u00e4rder under hela garantitiden. Du m\u00e5ste kontakta din tandl\u00e4kare omg\u00e5ende om du uppt\u00e4cker att n\u00e5got inte k\u00e4nns bra efter genomf\u00f6rd behandling. Behandling skall vara betald i sin helhet f\u00f6r att garantin skall g\u00e4lla. Garantin g\u00e4ller inom ramen f\u00f6r den ursprungliga behandlingskostnaden och inte f\u00f6r tillkommande behandling. Garanti Garantiperioden g\u00e4ller fr\u00e5n det f\u00f6rsta behandlingsdatumet och fram\u00e5t. Fyllning: 1 \u00e5rG\u00e4ller ej framtandsfyllningar. Endast frakturer, omfattar ej sekund\u00e4rkaries. Bettskena: 1 \u00e5rMaterial eller produktfel. Protes: 1 \u00e5rMaterial eller produktfel. Krona\/bro: 3 \u00e5rEndast frakturer, omfattar ej sekund\u00e4rkaries. Implantat: 3 \u00e5rGaranti g\u00e4ller ej f\u00f6r riskpatienter, s\u00e5som r\u00f6kare, gnisslare, diabetiker och andra underliggande sjukdomar. Retainertr\u00e5d: 6 m\u00e5naderF\u00e4ste som lossnat. (Garantin t\u00e4cker sj\u00e4lva \u00e5tg\u00e4rden [&hellip;]<\/p>\n","protected":false},"author":6,"featured_media":269476,"parent":0,"menu_order":0,"comment_status":"closed","ping_status":"closed","template":"","meta":{"_et_pb_use_builder":"on","_et_pb_old_content":"","_et_gb_content_width":"","inline_featured_image":false,"footnotes":""},"class_list":["post-166","page","type-page","status-publish","has-post-thumbnail","hentry"],"_links":{"self":[{"href":"https:\/\/familydental.se\/en\/wp-json\/wp\/v2\/pages\/166","targetHints":{"allow":["GET"]}}],"collection":[{"href":"https:\/\/familydental.se\/en\/wp-json\/wp\/v2\/pages"}],"about":[{"href":"https:\/\/familydental.se\/en\/wp-json\/wp\/v2\/types\/page"}],"author":[{"embeddable":true,"href":"https:\/\/familydental.se\/en\/wp-json\/wp\/v2\/users\/6"}],"replies":[{"embeddable":true,"href":"https:\/\/familydental.se\/en\/wp-json\/wp\/v2\/comments?post=166"}],"version-history":[{"count":2,"href":"https:\/\/familydental.se\/en\/wp-json\/wp\/v2\/pages\/166\/revisions"}],"predecessor-version":[{"id":275077,"href":"https:\/\/familydental.se\/en\/wp-json\/wp\/v2\/pages\/166\/revisions\/275077"}],"wp:featuredmedia":[{"embeddable":true,"href":"https:\/\/familydental.se\/en\/wp-json\/wp\/v2\/media\/269476"}],"wp:attachment":[{"href":"https:\/\/familydental.se\/en\/wp-json\/wp\/v2\/media?parent=166"}],"curies":[{"name":"wp","href":"https:\/\/api.w.org\/{rel}","templated":true}]}}